{"id":595,"date":"2022-08-10T00:49:01","date_gmt":"2022-08-10T08:49:01","guid":{"rendered":"https:\/\/saryeebelting.com\/?page_id=595"},"modified":"2024-03-13T21:40:48","modified_gmt":"2024-03-14T05:40:48","slug":"visao-missao","status":"publish","type":"page","link":"https:\/\/saryeebelting.com\/pt\/about-us\/vision-mission\/","title":{"rendered":"Vis\u00e3o e Miss\u00e3o"},"content":{"rendered":"<div data-elementor-type=\"wp-page\" data-elementor-id=\"595\" class=\"elementor elementor-595\" data-elementor-post-type=\"page\">\n\t\t\t\t\t\t<section class=\"elementor-section elementor-top-section elementor-element elementor-element-80705d4 elementor-section-height-min-height elementor-section-boxed elementor-section-height-default elementor-section-items-middle\" data-id=\"80705d4\" data-element_type=\"section\" data-e-type=\"section\" data-settings=\"{&quot;background_background&quot;:&quot;classic&quot;}\">\n\t\t\t\t\t\t\t<div class=\"elementor-background-overlay\"><\/div>\n\t\t\t\t\t\t\t<div class=\"elementor-container elementor-column-gap-default\">\n\t\t\t\t\t<div class=\"elementor-column elementor-col-100 elementor-top-column elementor-element elementor-element-f36a616\" data-id=\"f36a616\" data-element_type=\"column\" data-e-type=\"column\">\n\t\t\t<div class=\"elementor-widget-wrap elementor-element-populated\">\n\t\t\t\t\t\t<div class=\"elementor-element elementor-element-daa1785 elementor-widget elementor-widget-heading\" data-id=\"daa1785\" data-element_type=\"widget\" data-e-type=\"widget\" data-widget_type=\"heading.default\">\n\t\t\t\t<div class=\"elementor-widget-container\">\n\t\t\t\t\t<h1 class=\"elementor-heading-title elementor-size-default\">VIS\u00c3O E MISS\u00c3O<\/h1>\t\t\t\t<\/div>\n\t\t\t\t<\/div>\n\t\t\t\t\t<\/div>\n\t\t<\/div>\n\t\t\t\t\t<\/div>\n\t\t<\/section>\n\t\t\t\t<section class=\"elementor-section elementor-top-section elementor-element elementor-element-e15745a elementor-section-boxed elementor-section-height-default elementor-section-height-default\" data-id=\"e15745a\" data-element_type=\"section\" data-e-type=\"section\">\n\t\t\t\t\t\t<div class=\"elementor-container elementor-column-gap-default\">\n\t\t\t\t\t<div class=\"elementor-column elementor-col-100 elementor-top-column elementor-element elementor-element-9d5ae6e\" data-id=\"9d5ae6e\" data-element_type=\"column\" data-e-type=\"column\">\n\t\t\t<div class=\"elementor-widget-wrap elementor-element-populated\">\n\t\t\t\t\t\t<div class=\"elementor-element elementor-element-66f7a5d elementor-widget elementor-widget-breadcrumbs\" data-id=\"66f7a5d\" data-element_type=\"widget\" data-e-type=\"widget\" data-widget_type=\"breadcrumbs.default\">\n\t\t\t\t<div class=\"elementor-widget-container\">\n\t\t\t\t\t<p id=\"breadcrumbs\"><span><span><a href=\"https:\/\/saryeebelting.com\/pt\/\">LAR<\/a><\/span><\/span><\/p>\t\t\t\t<\/div>\n\t\t\t\t<\/div>\n\t\t\t\t\t<\/div>\n\t\t<\/div>\n\t\t\t\t\t<\/div>\n\t\t<\/section>\n\t\t<div class=\"elementor-element elementor-element-a1eb384 e-flex e-con-boxed e-con e-parent\" data-id=\"a1eb384\" data-element_type=\"container\" data-e-type=\"container\">\n\t\t\t\t\t<div class=\"e-con-inner\">\n\t\t<div class=\"elementor-element elementor-element-369d688 e-con-full e-flex e-con e-child\" data-id=\"369d688\" data-element_type=\"container\" data-e-type=\"container\">\n\t\t\t\t<div class=\"elementor-element elementor-element-1393190 elementor-widget elementor-widget-text-editor\" data-id=\"1393190\" data-element_type=\"widget\" data-e-type=\"widget\" data-widget_type=\"text-editor.default\">\n\t\t\t\t<div class=\"elementor-widget-container\">\n\t\t\t\t\t\t\t\t\t<h2>Nossa Vis\u00e3o e Miss\u00e3o<\/h2>\t\t\t\t\t\t\t\t<\/div>\n\t\t\t\t<\/div>\n\t\t\t\t<div class=\"elementor-element elementor-element-eec969b elementor-widget elementor-widget-image\" data-id=\"eec969b\" data-element_type=\"widget\" data-e-type=\"widget\" data-widget_type=\"image.default\">\n\t\t\t\t<div class=\"elementor-widget-container\">\n\t\t\t\t\t\t\t\t\t\t\t\t\t\t\t<img fetchpriority=\"high\" decoding=\"async\" width=\"500\" height=\"375\" src=\"https:\/\/saryeebelting.com\/wp-content\/uploads\/2024\/02\/Vision-Mission-1.webp\" class=\"attachment-large size-large wp-image-3873\" alt=\"Vis\u00e3o e Miss\u00e3o\" srcset=\"https:\/\/saryeebelting.com\/wp-content\/uploads\/2024\/02\/Vision-Mission-1.webp 500w, https:\/\/saryeebelting.com\/wp-content\/uploads\/2024\/02\/Vision-Mission-1-300x225.webp 300w\" sizes=\"(max-width: 500px) 100vw, 500px\" \/>\t\t\t\t\t\t\t\t\t\t\t\t\t\t\t<\/div>\n\t\t\t\t<\/div>\n\t\t\t\t<div class=\"elementor-element elementor-element-8fbbaf5 elementor-widget elementor-widget-text-editor\" data-id=\"8fbbaf5\" data-element_type=\"widget\" data-e-type=\"widget\" data-widget_type=\"text-editor.default\">\n\t\t\t\t<div class=\"elementor-widget-container\">\n\t\t\t\t\t\t\t\t\t<p>Na Saryee Belting, nossa vis\u00e3o \u00e9 ser a l\u00edder confi\u00e1vel na ind\u00fastria de correias transportadoras, fornecendo solu\u00e7\u00f5es inovadoras e confi\u00e1veis que aumentam a efici\u00eancia e a produtividade de nossos clientes.&nbsp;<\/p>\n<p>Nossa miss\u00e3o \u00e9 revolucionar a ind\u00fastria de correias transportadoras, fornecendo solu\u00e7\u00f5es inovadoras, sustent\u00e1veis e eficientes que atendam \u00e0s necessidades de nossos clientes.<\/p>\n<p>Nosso objetivo \u00e9 aprimorar continuamente nossos produtos, servi\u00e7os e processos para atender \u00e0s necessidades em constante evolu\u00e7\u00e3o de nossos clientes e permanecer na vanguarda do nosso setor.<\/p>\n<p>Nosso objetivo final \u00e9 criar parcerias duradouras com nossos clientes, baseadas em confian\u00e7a, integridade e atendimento excepcional ao cliente.&nbsp;<\/p>\n<p>Juntos, vislumbramos um futuro onde a Saryee Belting seja sin\u00f4nimo de qualidade, confiabilidade e inova\u00e7\u00e3o na ind\u00fastria de correias transportadoras.<\/p>\t\t\t\t\t\t\t\t<\/div>\n\t\t\t\t<\/div>\n\t\t\t\t<\/div>\n\t\t\t\t\t<\/div>\n\t\t\t\t<\/div>\n\t\t\t\t<\/div>","protected":false},"excerpt":{"rendered":"<p>VISION &#038; MISSION Our Vision &amp; Mission At Saryee Belting, our vision is to be the trusted leader in the conveyor belt industry, delivering innovative and reliable solutions that enhance the efficiency and productivity of our customers.&nbsp; Our mission is to revolutionize the conveyor belt industry by delivering innovative, sustainable, and efficient solutions that meet [&hellip;]<\/p>\n","protected":false},"author":1,"featured_media":3873,"parent":26,"menu_order":0,"comment_status":"closed","ping_status":"closed","template":"","meta":{"footnotes":""},"class_list":["post-595","page","type-page","status-publish","has-post-thumbnail","hentry"],"yoast_head":"<!-- This site is optimized with the Yoast SEO Premium plugin v22.0 (Yoast SEO v27.4) - https:\/\/yoast.com\/product\/yoast-seo-premium-wordpress\/ -->\n<title>Vision &amp; Mission | Saryee Belting | The Trusted Conveyor Belts Manufacturer<\/title>\n<meta name=\"description\" content=\"At Saryee Belting, we aspire to become the globally recognized and trusted leader in the conveyor belt industry.\" \/>\n<meta name=\"robots\" content=\"index, follow, max-snippet:-1, max-image-preview:large, max-video-preview:-1\" \/>\n<link rel=\"canonical\" href=\"https:\/\/saryeebelting.com\/pt\/sobre-nos\/visao-missao\/\" \/>\n<meta property=\"og:locale\" content=\"pt_PT\" \/>\n<meta property=\"og:type\" content=\"article\" \/>\n<meta property=\"og:title\" content=\"Vision &amp; Mission\" \/>\n<meta property=\"og:description\" content=\"At Saryee Belting, we aspire to become the globally recognized and trusted leader in the conveyor belt industry.\" \/>\n<meta property=\"og:url\" content=\"https:\/\/saryeebelting.com\/pt\/sobre-nos\/visao-missao\/\" \/>\n<meta property=\"og:site_name\" content=\"Saryee Belting | The Trusted Conveyor Belts Manufacturer\" \/>\n<meta property=\"article:modified_time\" content=\"2024-03-14T05:40:48+00:00\" \/>\n<meta property=\"og:image\" content=\"https:\/\/saryeebelting.com\/wp-content\/uploads\/2024\/02\/Vision-Mission-1.webp\" \/>\n\t<meta property=\"og:image:width\" content=\"500\" \/>\n\t<meta property=\"og:image:height\" content=\"375\" \/>\n\t<meta property=\"og:image:type\" content=\"image\/webp\" \/>\n<meta name=\"twitter:card\" content=\"summary_large_image\" \/>\n<meta name=\"twitter:label1\" content=\"Est. reading time\" \/>\n\t<meta name=\"twitter:data1\" content=\"1 minuto\" \/>\n<script type=\"application\/ld+json\" class=\"yoast-schema-graph\">{\"@context\":\"https:\\\/\\\/schema.org\",\"@graph\":[{\"@type\":\"WebPage\",\"@id\":\"https:\\\/\\\/saryeebelting.com\\\/about-us\\\/vision-mission\\\/\",\"url\":\"https:\\\/\\\/saryeebelting.com\\\/about-us\\\/vision-mission\\\/\",\"name\":\"Vision & Mission | Saryee Belting | The Trusted Conveyor Belts Manufacturer\",\"isPartOf\":{\"@id\":\"https:\\\/\\\/saryeebelting.com\\\/#website\"},\"primaryImageOfPage\":{\"@id\":\"https:\\\/\\\/saryeebelting.com\\\/about-us\\\/vision-mission\\\/#primaryimage\"},\"image\":{\"@id\":\"https:\\\/\\\/saryeebelting.com\\\/about-us\\\/vision-mission\\\/#primaryimage\"},\"thumbnailUrl\":\"https:\\\/\\\/saryeebelting.com\\\/wp-content\\\/uploads\\\/2024\\\/02\\\/Vision-Mission-1.webp\",\"datePublished\":\"2022-08-10T08:49:01+00:00\",\"dateModified\":\"2024-03-14T05:40:48+00:00\",\"description\":\"At Saryee Belting, we aspire to become the globally recognized and trusted leader in the conveyor belt industry.\",\"breadcrumb\":{\"@id\":\"https:\\\/\\\/saryeebelting.com\\\/about-us\\\/vision-mission\\\/#breadcrumb\"},\"inLanguage\":\"pt-PT\",\"potentialAction\":[{\"@type\":\"ReadAction\",\"target\":[\"https:\\\/\\\/saryeebelting.com\\\/about-us\\\/vision-mission\\\/\"]}]},{\"@type\":\"ImageObject\",\"inLanguage\":\"pt-PT\",\"@id\":\"https:\\\/\\\/saryeebelting.com\\\/about-us\\\/vision-mission\\\/#primaryimage\",\"url\":\"https:\\\/\\\/saryeebelting.com\\\/wp-content\\\/uploads\\\/2024\\\/02\\\/Vision-Mission-1.webp\",\"contentUrl\":\"https:\\\/\\\/saryeebelting.com\\\/wp-content\\\/uploads\\\/2024\\\/02\\\/Vision-Mission-1.webp\",\"width\":500,\"height\":375,\"caption\":\"Vision & Mission\"},{\"@type\":\"BreadcrumbList\",\"@id\":\"https:\\\/\\\/saryeebelting.com\\\/about-us\\\/vision-mission\\\/#breadcrumb\",\"itemListElement\":[{\"@type\":\"ListItem\",\"position\":1,\"name\":\"HOME\",\"item\":\"https:\\\/\\\/saryeebelting.com\\\/\"},{\"@type\":\"ListItem\",\"position\":2,\"name\":\"ABOUT US\",\"item\":\"https:\\\/\\\/saryeebelting.com\\\/about-us\\\/\"},{\"@type\":\"ListItem\",\"position\":3,\"name\":\"Vision &#038; Mission\"}]},{\"@type\":\"WebSite\",\"@id\":\"https:\\\/\\\/saryeebelting.com\\\/#website\",\"url\":\"https:\\\/\\\/saryeebelting.com\\\/\",\"name\":\"Saryee Belting | The Trusted Conveyor Belts Manufacturer\",\"description\":\"Saryee Belting, a leading stainless steel, plastic, wire mesh, spiral and PTFE conveyor belts manufacturer with over 30 years experience in the industry.\",\"publisher\":{\"@id\":\"https:\\\/\\\/saryeebelting.com\\\/#organization\"},\"alternateName\":\"Saryee Belting\",\"potentialAction\":[{\"@type\":\"SearchAction\",\"target\":{\"@type\":\"EntryPoint\",\"urlTemplate\":\"https:\\\/\\\/saryeebelting.com\\\/?s={search_term_string}\"},\"query-input\":{\"@type\":\"PropertyValueSpecification\",\"valueRequired\":true,\"valueName\":\"search_term_string\"}}],\"inLanguage\":\"pt-PT\"},{\"@type\":\"Organization\",\"@id\":\"https:\\\/\\\/saryeebelting.com\\\/#organization\",\"name\":\"Saryee Belting\",\"alternateName\":\"Saryee\",\"url\":\"https:\\\/\\\/saryeebelting.com\\\/\",\"logo\":{\"@type\":\"ImageObject\",\"inLanguage\":\"pt-PT\",\"@id\":\"https:\\\/\\\/saryeebelting.com\\\/#\\\/schema\\\/logo\\\/image\\\/\",\"url\":\"https:\\\/\\\/saryeebelting.com\\\/wp-content\\\/uploads\\\/2022\\\/07\\\/LOGO-PNG-MIN.png\",\"contentUrl\":\"https:\\\/\\\/saryeebelting.com\\\/wp-content\\\/uploads\\\/2022\\\/07\\\/LOGO-PNG-MIN.png\",\"width\":300,\"height\":219,\"caption\":\"Saryee Belting\"},\"image\":{\"@id\":\"https:\\\/\\\/saryeebelting.com\\\/#\\\/schema\\\/logo\\\/image\\\/\"},\"description\":\"Saryee Belting, A Worldwide Leader of Conveyor Belt Manufacturing and Supplier. Established in 1988, Saryee Belting is a global market leader in the design, manufacture and service of high quality conveyor belts. And, today our conveyor belts are exported to over 100 countries around the world. The engineers we employ are experts in conveyor belt design and manufacturing, and most of them have more than 10 years of experience. They love conveyor belts and are passionate about what they do best, help our customers deal with conveyor belt challenge. Saryee Belting operate multiple manufacturing sites in China. Different manufacturing bases are responsible for the production of different types of conveyor belts. With the supply chain advantages of each manufacturing base, we can improve the competitiveness of our products.\",\"email\":\"info@saryeebelting.com\",\"telephone\":\"008618830800262\",\"legalName\":\"Hebei Saryee Technology Co., Ltd\",\"foundingDate\":\"1987-04-07\",\"numberOfEmployees\":{\"@type\":\"QuantitativeValue\",\"minValue\":\"51\",\"maxValue\":\"200\"}}]}<\/script>\n<!-- \/ Yoast SEO Premium plugin. -->","yoast_head_json":{"title":"Vis\u00e3o e Miss\u00e3o | Saryee Belting | O Fabricante de Correias Transportadoras de Confian\u00e7a","description":"Na Saryee Belting, aspiramos a nos tornar l\u00edderes reconhecidos e confi\u00e1veis globalmente na ind\u00fastria de correias transportadoras.","robots":{"index":"index","follow":"follow","max-snippet":"max-snippet:-1","max-image-preview":"max-image-preview:large","max-video-preview":"max-video-preview:-1"},"canonical":"https:\/\/saryeebelting.com\/pt\/sobre-nos\/visao-missao\/","og_locale":"pt_PT","og_type":"article","og_title":"Vision & Mission","og_description":"At Saryee Belting, we aspire to become the globally recognized and trusted leader in the conveyor belt industry.","og_url":"https:\/\/saryeebelting.com\/pt\/sobre-nos\/visao-missao\/","og_site_name":"Saryee Belting | The Trusted Conveyor Belts Manufacturer","article_modified_time":"2024-03-14T05:40:48+00:00","og_image":[{"width":500,"height":375,"url":"https:\/\/saryeebelting.com\/wp-content\/uploads\/2024\/02\/Vision-Mission-1.webp","type":"image\/webp"}],"twitter_card":"summary_large_image","twitter_misc":{"Est. reading time":"1 minuto"},"schema":{"@context":"https:\/\/schema.org","@graph":[{"@type":"WebPage","@id":"https:\/\/saryeebelting.com\/about-us\/vision-mission\/","url":"https:\/\/saryeebelting.com\/about-us\/vision-mission\/","name":"Vis\u00e3o e Miss\u00e3o | Saryee Belting | O Fabricante de Correias Transportadoras de Confian\u00e7a","isPartOf":{"@id":"https:\/\/saryeebelting.com\/#website"},"primaryImageOfPage":{"@id":"https:\/\/saryeebelting.com\/about-us\/vision-mission\/#primaryimage"},"image":{"@id":"https:\/\/saryeebelting.com\/about-us\/vision-mission\/#primaryimage"},"thumbnailUrl":"https:\/\/saryeebelting.com\/wp-content\/uploads\/2024\/02\/Vision-Mission-1.webp","datePublished":"2022-08-10T08:49:01+00:00","dateModified":"2024-03-14T05:40:48+00:00","description":"Na Saryee Belting, aspiramos a nos tornar l\u00edderes reconhecidos e confi\u00e1veis globalmente na ind\u00fastria de correias transportadoras.","breadcrumb":{"@id":"https:\/\/saryeebelting.com\/about-us\/vision-mission\/#breadcrumb"},"inLanguage":"pt-PT","potentialAction":[{"@type":"ReadAction","target":["https:\/\/saryeebelting.com\/about-us\/vision-mission\/"]}]},{"@type":"ImageObject","inLanguage":"pt-PT","@id":"https:\/\/saryeebelting.com\/about-us\/vision-mission\/#primaryimage","url":"https:\/\/saryeebelting.com\/wp-content\/uploads\/2024\/02\/Vision-Mission-1.webp","contentUrl":"https:\/\/saryeebelting.com\/wp-content\/uploads\/2024\/02\/Vision-Mission-1.webp","width":500,"height":375,"caption":"Vision & Mission"},{"@type":"BreadcrumbList","@id":"https:\/\/saryeebelting.com\/about-us\/vision-mission\/#breadcrumb","itemListElement":[{"@type":"ListItem","position":1,"name":"HOME","item":"https:\/\/saryeebelting.com\/"},{"@type":"ListItem","position":2,"name":"ABOUT US","item":"https:\/\/saryeebelting.com\/about-us\/"},{"@type":"ListItem","position":3,"name":"Vision &#038; Mission"}]},{"@type":"WebSite","@id":"https:\/\/saryeebelting.com\/#website","url":"https:\/\/saryeebelting.com\/","name":"Saryee Belting | Fabricante de Correias Transportadoras de Confian\u00e7a","description":"A Saryee Belting \u00e9 uma fabricante l\u00edder de correias transportadoras de a\u00e7o inoxid\u00e1vel, pl\u00e1stico, malha met\u00e1lica, espiral e PTFE, com mais de 30 anos de experi\u00eancia no setor.","publisher":{"@id":"https:\/\/saryeebelting.com\/#organization"},"alternateName":"Saryee Belting","potentialAction":[{"@type":"SearchAction","target":{"@type":"EntryPoint","urlTemplate":"https:\/\/saryeebelting.com\/?s={search_term_string}"},"query-input":{"@type":"PropertyValueSpecification","valueRequired":true,"valueName":"search_term_string"}}],"inLanguage":"pt-PT"},{"@type":"Organization","@id":"https:\/\/saryeebelting.com\/#organization","name":"Correia Saryee","alternateName":"Saryee","url":"https:\/\/saryeebelting.com\/","logo":{"@type":"ImageObject","inLanguage":"pt-PT","@id":"https:\/\/saryeebelting.com\/#\/schema\/logo\/image\/","url":"https:\/\/saryeebelting.com\/wp-content\/uploads\/2022\/07\/LOGO-PNG-MIN.png","contentUrl":"https:\/\/saryeebelting.com\/wp-content\/uploads\/2022\/07\/LOGO-PNG-MIN.png","width":300,"height":219,"caption":"Saryee Belting"},"image":{"@id":"https:\/\/saryeebelting.com\/#\/schema\/logo\/image\/"},"description":"A Saryee Belting \u00e9 l\u00edder mundial na fabrica\u00e7\u00e3o e fornecimento de correias transportadoras. Fundada em 1988, a Saryee Belting \u00e9 l\u00edder global no mercado de design, fabrica\u00e7\u00e3o e servi\u00e7os de correias transportadoras de alta qualidade. Atualmente, nossas correias transportadoras s\u00e3o exportadas para mais de 100 pa\u00edses em todo o mundo. Nossos engenheiros s\u00e3o especialistas em design e fabrica\u00e7\u00e3o de correias transportadoras, e a maioria possui mais de 10 anos de experi\u00eancia. Eles s\u00e3o apaixonados por correias transportadoras e dedicados ao que fazem de melhor, ajudando nossos clientes a superar os desafios relacionados a esse setor. A Saryee Belting opera diversas unidades fabris na China. Cada base de produ\u00e7\u00e3o \u00e9 respons\u00e1vel pela fabrica\u00e7\u00e3o de diferentes tipos de correias transportadoras. Com as vantagens da cadeia de suprimentos de cada base, podemos aumentar a competitividade de nossos produtos.","email":"info@saryeebelting.com","telephone":"008618830800262","legalName":"Hebei Saryee Technology Co., Ltd","foundingDate":"1987-04-07","numberOfEmployees":{"@type":"QuantitativeValue","minValue":"51","maxValue":"200"}}]}},"_links":{"self":[{"href":"https:\/\/saryeebelting.com\/pt\/wp-json\/wp\/v2\/pages\/595","targetHints":{"allow":["GET"]}}],"collection":[{"href":"https:\/\/saryeebelting.com\/pt\/wp-json\/wp\/v2\/pages"}],"about":[{"href":"https:\/\/saryeebelting.com\/pt\/wp-json\/wp\/v2\/types\/page"}],"author":[{"embeddable":true,"href":"https:\/\/saryeebelting.com\/pt\/wp-json\/wp\/v2\/users\/1"}],"replies":[{"embeddable":true,"href":"https:\/\/saryeebelting.com\/pt\/wp-json\/wp\/v2\/comments?post=595"}],"version-history":[{"count":37,"href":"https:\/\/saryeebelting.com\/pt\/wp-json\/wp\/v2\/pages\/595\/revisions"}],"predecessor-version":[{"id":4595,"href":"https:\/\/saryeebelting.com\/pt\/wp-json\/wp\/v2\/pages\/595\/revisions\/4595"}],"up":[{"embeddable":true,"href":"https:\/\/saryeebelting.com\/pt\/wp-json\/wp\/v2\/pages\/26"}],"wp:featuredmedia":[{"embeddable":true,"href":"https:\/\/saryeebelting.com\/pt\/wp-json\/wp\/v2\/media\/3873"}],"wp:attachment":[{"href":"https:\/\/saryeebelting.com\/pt\/wp-json\/wp\/v2\/media?parent=595"}],"curies":[{"name":"wp","href":"https:\/\/api.w.org\/{rel}","templated":true}]}}