{"id":26,"date":"2022-07-14T00:17:11","date_gmt":"2022-07-14T08:17:11","guid":{"rendered":"http:\/\/saryeebelting.com\/?page_id=26"},"modified":"2024-04-24T23:09:05","modified_gmt":"2024-04-25T07:09:05","slug":"sobre-nos","status":"publish","type":"page","link":"https:\/\/saryeebelting.com\/pt\/about-us\/","title":{"rendered":"SOBRE N\u00d3S"},"content":{"rendered":"<div data-elementor-type=\"wp-page\" data-elementor-id=\"26\" class=\"elementor elementor-26\" data-elementor-post-type=\"page\">\n\t\t\t\t<div class=\"elementor-element elementor-element-4b246d9 e-flex e-con-boxed e-con e-parent\" data-id=\"4b246d9\" data-element_type=\"container\" data-e-type=\"container\" data-settings=\"{&quot;background_background&quot;:&quot;classic&quot;}\">\n\t\t\t\t\t<div class=\"e-con-inner\">\n\t\t\t\t<div class=\"elementor-element elementor-element-9fcff7b elementor-widget elementor-widget-heading\" data-id=\"9fcff7b\" data-element_type=\"widget\" data-e-type=\"widget\" data-widget_type=\"heading.default\">\n\t\t\t\t<div class=\"elementor-widget-container\">\n\t\t\t\t\t<h1 class=\"elementor-heading-title elementor-size-default\">SOBRE N\u00d3S<\/h1>\t\t\t\t<\/div>\n\t\t\t\t<\/div>\n\t\t\t\t\t<\/div>\n\t\t\t\t<\/div>\n\t\t<div class=\"elementor-element elementor-element-f8f9773 e-flex e-con-boxed e-con e-parent\" data-id=\"f8f9773\" data-element_type=\"container\" data-e-type=\"container\">\n\t\t\t\t\t<div class=\"e-con-inner\">\n\t\t\t\t<div class=\"elementor-element elementor-element-6c7e11d elementor-widget__width-inherit elementor-widget elementor-widget-breadcrumbs\" data-id=\"6c7e11d\" data-element_type=\"widget\" data-e-type=\"widget\" data-widget_type=\"breadcrumbs.default\">\n\t\t\t\t<div class=\"elementor-widget-container\">\n\t\t\t\t\t<p id=\"breadcrumbs\"><span><span><a href=\"https:\/\/saryeebelting.com\/pt\/\">LAR<\/a><\/span><\/span><\/p>\t\t\t\t<\/div>\n\t\t\t\t<\/div>\n\t\t\t\t\t<\/div>\n\t\t\t\t<\/div>\n\t\t\t\t<section class=\"elementor-section elementor-top-section elementor-element elementor-element-8c97b37 elementor-section-boxed elementor-section-height-default elementor-section-height-default\" data-id=\"8c97b37\" data-element_type=\"section\" data-e-type=\"section\">\n\t\t\t\t\t\t<div class=\"elementor-container elementor-column-gap-default\">\n\t\t\t\t\t<div class=\"elementor-column elementor-col-100 elementor-top-column elementor-element elementor-element-a33c98a\" data-id=\"a33c98a\" data-element_type=\"column\" data-e-type=\"column\">\n\t\t\t<div class=\"elementor-widget-wrap elementor-element-populated\">\n\t\t\t\t\t\t<div class=\"elementor-element elementor-element-d291dd3 elementor-widget elementor-widget-text-editor\" data-id=\"d291dd3\" data-element_type=\"widget\" data-e-type=\"widget\" data-widget_type=\"text-editor.default\">\n\t\t\t\t<div class=\"elementor-widget-container\">\n\t\t\t\t\t\t\t\t\t<h2><span style=\"color: #000000;\">Sobre<\/span>\u00a0<span style=\"color: #003266;\">cinto saryee<\/span><\/h2>\t\t\t\t\t\t\t\t<\/div>\n\t\t\t\t<\/div>\n\t\t\t\t<div class=\"elementor-element elementor-element-2f4ee5d elementor-widget elementor-widget-text-editor\" data-id=\"2f4ee5d\" data-element_type=\"widget\" data-e-type=\"widget\" data-widget_type=\"text-editor.default\">\n\t\t\t\t<div class=\"elementor-widget-container\">\n\t\t\t\t\t\t\t\t\t<h3>L\u00edder mundial na fabrica\u00e7\u00e3o e fornecimento de correias transportadoras<\/h3>\t\t\t\t\t\t\t\t<\/div>\n\t\t\t\t<\/div>\n\t\t\t\t<div class=\"elementor-element elementor-element-f882ebc elementor-widget elementor-widget-image\" data-id=\"f882ebc\" data-element_type=\"widget\" data-e-type=\"widget\" data-widget_type=\"image.default\">\n\t\t\t\t<div class=\"elementor-widget-container\">\n\t\t\t\t\t\t\t\t\t\t\t\t\t\t\t<img fetchpriority=\"high\" decoding=\"async\" width=\"600\" height=\"450\" src=\"https:\/\/saryeebelting.com\/wp-content\/uploads\/2024\/01\/About-Saryee-Belting-1.jpg\" class=\"attachment-full size-full wp-image-3414\" alt=\"Sobre a correia Saryee\" srcset=\"https:\/\/saryeebelting.com\/wp-content\/uploads\/2024\/01\/About-Saryee-Belting-1.jpg 600w, https:\/\/saryeebelting.com\/wp-content\/uploads\/2024\/01\/About-Saryee-Belting-1-300x225.jpg 300w\" sizes=\"(max-width: 600px) 100vw, 600px\" \/>\t\t\t\t\t\t\t\t\t\t\t\t\t\t\t<\/div>\n\t\t\t\t<\/div>\n\t\t\t\t<div class=\"elementor-element elementor-element-64b9cea elementor-widget elementor-widget-text-editor\" data-id=\"64b9cea\" data-element_type=\"widget\" data-e-type=\"widget\" data-widget_type=\"text-editor.default\">\n\t\t\t\t<div class=\"elementor-widget-container\">\n\t\t\t\t\t\t\t\t\t<p>Fundada em 1988, a Saryee Belting \u00e9 l\u00edder mundial no projeto, fabrica\u00e7\u00e3o e manuten\u00e7\u00e3o de correias transportadoras de alta qualidade. Atualmente, nossas correias transportadoras s\u00e3o exportadas para mais de 100 pa\u00edses em todo o mundo.<\/p>\n<p>Os engenheiros que contratamos s\u00e3o especialistas em projeto e fabrica\u00e7\u00e3o de correias transportadoras, e a maioria deles possui mais de 10 anos de experi\u00eancia. Eles adoram correias transportadoras e s\u00e3o apaixonados pelo que fazem de melhor: ajudar nossos clientes a superar os desafios relacionados a esse setor.<\/p>\n<p>A Saryee Belting opera diversas unidades fabris na China. Cada uma dessas unidades \u00e9 respons\u00e1vel pela produ\u00e7\u00e3o de diferentes tipos de correias transportadoras. Gra\u00e7as \u00e0s vantagens da cadeia de suprimentos de cada unidade, conseguimos aumentar a competitividade de nossos produtos.<\/p>\n<p>Olhando para o futuro, nosso objetivo \u00e9 sermos reconhecidos como l\u00edderes em todos os lugares onde atuamos.<\/p>\t\t\t\t\t\t\t\t<\/div>\n\t\t\t\t<\/div>\n\t\t\t\t<div class=\"elementor-element elementor-element-03457a8 elementor-widget elementor-widget-text-editor\" data-id=\"03457a8\" data-element_type=\"widget\" data-e-type=\"widget\" data-widget_type=\"text-editor.default\">\n\t\t\t\t<div class=\"elementor-widget-container\">\n\t\t\t\t\t\t\t\t\t<h3>Dedicados \u00e0 busca constante pela excel\u00eancia.<\/h3>\t\t\t\t\t\t\t\t<\/div>\n\t\t\t\t<\/div>\n\t\t\t\t<div class=\"elementor-element elementor-element-a3ba267 elementor-widget elementor-widget-text-editor\" data-id=\"a3ba267\" data-element_type=\"widget\" data-e-type=\"widget\" data-widget_type=\"text-editor.default\">\n\t\t\t\t<div class=\"elementor-widget-container\">\n\t\t\t\t\t\t\t\t\t<p>Acreditamos que a melhoria cont\u00ednua \u00e9 essencial para fornecer os melhores produtos e servi\u00e7os poss\u00edveis aos nossos clientes.<\/p><p>Nosso compromisso com a melhoria cont\u00ednua \u00e9 o que nos diferencia da concorr\u00eancia e nos permite superar consistentemente as expectativas de nossos clientes.<\/p>\t\t\t\t\t\t\t\t<\/div>\n\t\t\t\t<\/div>\n\t\t\t\t<div class=\"elementor-element elementor-element-2360a83 elementor-widget elementor-widget-text-editor\" data-id=\"2360a83\" data-element_type=\"widget\" data-e-type=\"widget\" data-widget_type=\"text-editor.default\">\n\t\t\t\t<div class=\"elementor-widget-container\">\n\t\t\t\t\t\t\t\t\t<h3>Por que escolher? <span style=\"color: #003266;\">Correia Saryee<\/span> Correias transportadoras?<\/h3>\t\t\t\t\t\t\t\t<\/div>\n\t\t\t\t<\/div>\n\t\t\t\t<div class=\"elementor-element elementor-element-c2f7913 elementor-widget elementor-widget-text-editor\" data-id=\"c2f7913\" data-element_type=\"widget\" data-e-type=\"widget\" data-widget_type=\"text-editor.default\">\n\t\t\t\t<div class=\"elementor-widget-container\">\n\t\t\t\t\t\t\t\t\t<ul><li><strong>Mais de 30 anos de experi\u00eancia em design e fabrica\u00e7\u00e3o.<\/strong> Sabemos como projetar e fabricar a correia transportadora ideal para as suas necessidades espec\u00edficas.<\/li><li><strong>Excelente suporte ao cliente.<\/strong> Oferecemos um excelente suporte ao cliente, garantindo que voc\u00ea receba o melhor servi\u00e7o e assist\u00eancia t\u00e9cnica poss\u00edveis.<\/li><li><strong>Solu\u00e7\u00f5es personaliz\u00e1veis.<\/strong> Oferecemos correias transportadoras personalizadas para atender \u00e0s suas necessidades espec\u00edficas, garantindo que sua empresa funcione de forma eficiente e eficaz.<\/li><li><strong>Pre\u00e7os competitivos.<\/strong> Oferecemos pre\u00e7os competitivos em todas as nossas correias transportadoras, garantindo que voc\u00ea obtenha produtos de alta qualidade a pre\u00e7os acess\u00edveis.<\/li><li><strong><a href=\"https:\/\/saryeebelting.com\/pt\/produtos\/\">V\u00e1rios estilos e especifica\u00e7\u00f5es<\/a> de correias transportadoras.<\/strong> Fornecemos correias transportadoras para ind\u00fastrias como processamento de alimentos, t\u00eaxtil, eletr\u00f4nica, agr\u00edcola, automotiva e muito mais.<\/li><\/ul>\t\t\t\t\t\t\t\t<\/div>\n\t\t\t\t<\/div>\n\t\t\t\t\t<\/div>\n\t\t<\/div>\n\t\t\t\t\t<\/div>\n\t\t<\/section>\n\t\t\t\t<\/div>","protected":false},"excerpt":{"rendered":"<p>ABOUT US About\u00a0saryee belting A Worldwide\u00a0Leader of Conveyor Belt Manufacturing and Supplier Established in 1988, Saryee Belting is a global market leader in the design, manufacture and service of high quality conveyor belts. And, today our conveyor belts are exported to over 100 countries around the world. The engineers we employ are experts in conveyor [&hellip;]<\/p>\n","protected":false},"author":1,"featured_media":0,"parent":0,"menu_order":0,"comment_status":"closed","ping_status":"closed","template":"","meta":{"footnotes":""},"class_list":["post-26","page","type-page","status-publish","hentry"],"yoast_head":"<!-- This site is optimized with the Yoast SEO Premium plugin v22.0 (Yoast SEO v27.3) - https:\/\/yoast.com\/product\/yoast-seo-premium-wordpress\/ -->\n<title>ABOUT US | Saryee Belting | The Trusted Conveyor Belts Manufacturer - Leader of Conveyor Belt Manufacturing and Supplier<\/title>\n<meta name=\"description\" content=\"Saryee Belting is a global market leader in the design, manufacture and service of high quality, high performance process and conveyor belts\" \/>\n<meta name=\"robots\" content=\"index, follow, max-snippet:-1, max-image-preview:large, max-video-preview:-1\" \/>\n<link rel=\"canonical\" href=\"https:\/\/saryeebelting.com\/pt\/sobre-nos\/\" \/>\n<meta property=\"og:locale\" content=\"pt_PT\" \/>\n<meta property=\"og:type\" content=\"article\" \/>\n<meta property=\"og:title\" content=\"ABOUT US\" \/>\n<meta property=\"og:description\" content=\"Saryee Belting is a global market leader in the design, manufacture and service of high quality, high performance process and conveyor belts\" \/>\n<meta property=\"og:url\" content=\"https:\/\/saryeebelting.com\/pt\/sobre-nos\/\" \/>\n<meta property=\"og:site_name\" content=\"Saryee Belting | The Trusted Conveyor Belts Manufacturer\" \/>\n<meta property=\"article:modified_time\" content=\"2024-04-25T07:09:05+00:00\" \/>\n<meta property=\"og:image\" content=\"https:\/\/saryeebelting.com\/wp-content\/uploads\/2024\/01\/About-Saryee-Belting-1.jpg\" \/>\n<meta name=\"twitter:card\" content=\"summary_large_image\" \/>\n<meta name=\"twitter:label1\" content=\"Est. reading time\" \/>\n\t<meta name=\"twitter:data1\" content=\"2 minutos\" \/>\n<script type=\"application\/ld+json\" class=\"yoast-schema-graph\">{\"@context\":\"https:\\\/\\\/schema.org\",\"@graph\":[{\"@type\":\"WebPage\",\"@id\":\"https:\\\/\\\/saryeebelting.com\\\/about-us\\\/\",\"url\":\"https:\\\/\\\/saryeebelting.com\\\/about-us\\\/\",\"name\":\"ABOUT US | Saryee Belting | The Trusted Conveyor Belts Manufacturer - Leader of Conveyor Belt Manufacturing and Supplier\",\"isPartOf\":{\"@id\":\"https:\\\/\\\/saryeebelting.com\\\/#website\"},\"primaryImageOfPage\":{\"@id\":\"https:\\\/\\\/saryeebelting.com\\\/about-us\\\/#primaryimage\"},\"image\":{\"@id\":\"https:\\\/\\\/saryeebelting.com\\\/about-us\\\/#primaryimage\"},\"thumbnailUrl\":\"https:\\\/\\\/saryeebelting.com\\\/wp-content\\\/uploads\\\/2024\\\/01\\\/About-Saryee-Belting-1.jpg\",\"datePublished\":\"2022-07-14T08:17:11+00:00\",\"dateModified\":\"2024-04-25T07:09:05+00:00\",\"description\":\"Saryee Belting is a global market leader in the design, manufacture and service of high quality, high performance process and conveyor belts\",\"breadcrumb\":{\"@id\":\"https:\\\/\\\/saryeebelting.com\\\/about-us\\\/#breadcrumb\"},\"inLanguage\":\"pt-PT\",\"potentialAction\":[{\"@type\":\"ReadAction\",\"target\":[\"https:\\\/\\\/saryeebelting.com\\\/about-us\\\/\"]}]},{\"@type\":\"ImageObject\",\"inLanguage\":\"pt-PT\",\"@id\":\"https:\\\/\\\/saryeebelting.com\\\/about-us\\\/#primaryimage\",\"url\":\"https:\\\/\\\/saryeebelting.com\\\/wp-content\\\/uploads\\\/2024\\\/01\\\/About-Saryee-Belting-1.jpg\",\"contentUrl\":\"https:\\\/\\\/saryeebelting.com\\\/wp-content\\\/uploads\\\/2024\\\/01\\\/About-Saryee-Belting-1.jpg\"},{\"@type\":\"BreadcrumbList\",\"@id\":\"https:\\\/\\\/saryeebelting.com\\\/about-us\\\/#breadcrumb\",\"itemListElement\":[{\"@type\":\"ListItem\",\"position\":1,\"name\":\"HOME\",\"item\":\"https:\\\/\\\/saryeebelting.com\\\/\"},{\"@type\":\"ListItem\",\"position\":2,\"name\":\"ABOUT US\"}]},{\"@type\":\"WebSite\",\"@id\":\"https:\\\/\\\/saryeebelting.com\\\/#website\",\"url\":\"https:\\\/\\\/saryeebelting.com\\\/\",\"name\":\"Saryee Belting | The Trusted Conveyor Belts Manufacturer\",\"description\":\"Saryee Belting, a leading stainless steel, plastic, wire mesh, spiral and PTFE conveyor belts manufacturer with over 30 years experience in the industry.\",\"publisher\":{\"@id\":\"https:\\\/\\\/saryeebelting.com\\\/#organization\"},\"alternateName\":\"Saryee Belting\",\"potentialAction\":[{\"@type\":\"SearchAction\",\"target\":{\"@type\":\"EntryPoint\",\"urlTemplate\":\"https:\\\/\\\/saryeebelting.com\\\/?s={search_term_string}\"},\"query-input\":{\"@type\":\"PropertyValueSpecification\",\"valueRequired\":true,\"valueName\":\"search_term_string\"}}],\"inLanguage\":\"pt-PT\"},{\"@type\":\"Organization\",\"@id\":\"https:\\\/\\\/saryeebelting.com\\\/#organization\",\"name\":\"Saryee Belting\",\"alternateName\":\"Saryee\",\"url\":\"https:\\\/\\\/saryeebelting.com\\\/\",\"logo\":{\"@type\":\"ImageObject\",\"inLanguage\":\"pt-PT\",\"@id\":\"https:\\\/\\\/saryeebelting.com\\\/#\\\/schema\\\/logo\\\/image\\\/\",\"url\":\"https:\\\/\\\/saryeebelting.com\\\/wp-content\\\/uploads\\\/2022\\\/07\\\/LOGO-PNG-MIN.png\",\"contentUrl\":\"https:\\\/\\\/saryeebelting.com\\\/wp-content\\\/uploads\\\/2022\\\/07\\\/LOGO-PNG-MIN.png\",\"width\":300,\"height\":219,\"caption\":\"Saryee Belting\"},\"image\":{\"@id\":\"https:\\\/\\\/saryeebelting.com\\\/#\\\/schema\\\/logo\\\/image\\\/\"},\"description\":\"Saryee Belting, A Worldwide Leader of Conveyor Belt Manufacturing and Supplier. Established in 1988, Saryee Belting is a global market leader in the design, manufacture and service of high quality conveyor belts. And, today our conveyor belts are exported to over 100 countries around the world. The engineers we employ are experts in conveyor belt design and manufacturing, and most of them have more than 10 years of experience. They love conveyor belts and are passionate about what they do best, help our customers deal with conveyor belt challenge. Saryee Belting operate multiple manufacturing sites in China. Different manufacturing bases are responsible for the production of different types of conveyor belts. With the supply chain advantages of each manufacturing base, we can improve the competitiveness of our products.\",\"email\":\"info@saryeebelting.com\",\"telephone\":\"008618830800262\",\"legalName\":\"Hebei Saryee Technology Co., Ltd\",\"foundingDate\":\"1987-04-07\",\"numberOfEmployees\":{\"@type\":\"QuantitativeValue\",\"minValue\":\"51\",\"maxValue\":\"200\"}}]}<\/script>\n<!-- \/ Yoast SEO Premium plugin. -->","yoast_head_json":{"title":"SOBRE N\u00d3S | Saryee Belting | Fabricante de Correias Transportadoras de Confian\u00e7a - L\u00edder na Fabrica\u00e7\u00e3o e Fornecimento de Correias Transportadoras","description":"A Saryee Belting \u00e9 l\u00edder global no mercado de design, fabrica\u00e7\u00e3o e manuten\u00e7\u00e3o de correias transportadoras e de processo de alta qualidade e alto desempenho.","robots":{"index":"index","follow":"follow","max-snippet":"max-snippet:-1","max-image-preview":"max-image-preview:large","max-video-preview":"max-video-preview:-1"},"canonical":"https:\/\/saryeebelting.com\/pt\/sobre-nos\/","og_locale":"pt_PT","og_type":"article","og_title":"ABOUT US","og_description":"Saryee Belting is a global market leader in the design, manufacture and service of high quality, high performance process and conveyor belts","og_url":"https:\/\/saryeebelting.com\/pt\/sobre-nos\/","og_site_name":"Saryee Belting | The Trusted Conveyor Belts Manufacturer","article_modified_time":"2024-04-25T07:09:05+00:00","og_image":[{"url":"https:\/\/saryeebelting.com\/wp-content\/uploads\/2024\/01\/About-Saryee-Belting-1.jpg","type":"","width":"","height":""}],"twitter_card":"summary_large_image","twitter_misc":{"Est. reading time":"2 minutos"},"schema":{"@context":"https:\/\/schema.org","@graph":[{"@type":"WebPage","@id":"https:\/\/saryeebelting.com\/about-us\/","url":"https:\/\/saryeebelting.com\/about-us\/","name":"SOBRE N\u00d3S | Saryee Belting | Fabricante de Correias Transportadoras de Confian\u00e7a - L\u00edder na Fabrica\u00e7\u00e3o e Fornecimento de Correias Transportadoras","isPartOf":{"@id":"https:\/\/saryeebelting.com\/#website"},"primaryImageOfPage":{"@id":"https:\/\/saryeebelting.com\/about-us\/#primaryimage"},"image":{"@id":"https:\/\/saryeebelting.com\/about-us\/#primaryimage"},"thumbnailUrl":"https:\/\/saryeebelting.com\/wp-content\/uploads\/2024\/01\/About-Saryee-Belting-1.jpg","datePublished":"2022-07-14T08:17:11+00:00","dateModified":"2024-04-25T07:09:05+00:00","description":"A Saryee Belting \u00e9 l\u00edder global no mercado de design, fabrica\u00e7\u00e3o e manuten\u00e7\u00e3o de correias transportadoras e de processo de alta qualidade e alto desempenho.","breadcrumb":{"@id":"https:\/\/saryeebelting.com\/about-us\/#breadcrumb"},"inLanguage":"pt-PT","potentialAction":[{"@type":"ReadAction","target":["https:\/\/saryeebelting.com\/about-us\/"]}]},{"@type":"ImageObject","inLanguage":"pt-PT","@id":"https:\/\/saryeebelting.com\/about-us\/#primaryimage","url":"https:\/\/saryeebelting.com\/wp-content\/uploads\/2024\/01\/About-Saryee-Belting-1.jpg","contentUrl":"https:\/\/saryeebelting.com\/wp-content\/uploads\/2024\/01\/About-Saryee-Belting-1.jpg"},{"@type":"BreadcrumbList","@id":"https:\/\/saryeebelting.com\/about-us\/#breadcrumb","itemListElement":[{"@type":"ListItem","position":1,"name":"HOME","item":"https:\/\/saryeebelting.com\/"},{"@type":"ListItem","position":2,"name":"ABOUT US"}]},{"@type":"WebSite","@id":"https:\/\/saryeebelting.com\/#website","url":"https:\/\/saryeebelting.com\/","name":"Saryee Belting | Fabricante de Correias Transportadoras de Confian\u00e7a","description":"A Saryee Belting \u00e9 uma fabricante l\u00edder de correias transportadoras de a\u00e7o inoxid\u00e1vel, pl\u00e1stico, malha met\u00e1lica, espiral e PTFE, com mais de 30 anos de experi\u00eancia no setor.","publisher":{"@id":"https:\/\/saryeebelting.com\/#organization"},"alternateName":"Saryee Belting","potentialAction":[{"@type":"SearchAction","target":{"@type":"EntryPoint","urlTemplate":"https:\/\/saryeebelting.com\/?s={search_term_string}"},"query-input":{"@type":"PropertyValueSpecification","valueRequired":true,"valueName":"search_term_string"}}],"inLanguage":"pt-PT"},{"@type":"Organization","@id":"https:\/\/saryeebelting.com\/#organization","name":"Correia Saryee","alternateName":"Saryee","url":"https:\/\/saryeebelting.com\/","logo":{"@type":"ImageObject","inLanguage":"pt-PT","@id":"https:\/\/saryeebelting.com\/#\/schema\/logo\/image\/","url":"https:\/\/saryeebelting.com\/wp-content\/uploads\/2022\/07\/LOGO-PNG-MIN.png","contentUrl":"https:\/\/saryeebelting.com\/wp-content\/uploads\/2022\/07\/LOGO-PNG-MIN.png","width":300,"height":219,"caption":"Saryee Belting"},"image":{"@id":"https:\/\/saryeebelting.com\/#\/schema\/logo\/image\/"},"description":"A Saryee Belting \u00e9 l\u00edder mundial na fabrica\u00e7\u00e3o e fornecimento de correias transportadoras. Fundada em 1988, a Saryee Belting \u00e9 l\u00edder global no mercado de design, fabrica\u00e7\u00e3o e servi\u00e7os de correias transportadoras de alta qualidade. Atualmente, nossas correias transportadoras s\u00e3o exportadas para mais de 100 pa\u00edses em todo o mundo. Nossos engenheiros s\u00e3o especialistas em design e fabrica\u00e7\u00e3o de correias transportadoras, e a maioria possui mais de 10 anos de experi\u00eancia. Eles s\u00e3o apaixonados por correias transportadoras e dedicados ao que fazem de melhor, ajudando nossos clientes a superar os desafios relacionados a esse setor. A Saryee Belting opera diversas unidades fabris na China. Cada base de produ\u00e7\u00e3o \u00e9 respons\u00e1vel pela fabrica\u00e7\u00e3o de diferentes tipos de correias transportadoras. Com as vantagens da cadeia de suprimentos de cada base, podemos aumentar a competitividade de nossos produtos.","email":"info@saryeebelting.com","telephone":"008618830800262","legalName":"Hebei Saryee Technology Co., Ltd","foundingDate":"1987-04-07","numberOfEmployees":{"@type":"QuantitativeValue","minValue":"51","maxValue":"200"}}]}},"_links":{"self":[{"href":"https:\/\/saryeebelting.com\/pt\/wp-json\/wp\/v2\/pages\/26","targetHints":{"allow":["GET"]}}],"collection":[{"href":"https:\/\/saryeebelting.com\/pt\/wp-json\/wp\/v2\/pages"}],"about":[{"href":"https:\/\/saryeebelting.com\/pt\/wp-json\/wp\/v2\/types\/page"}],"author":[{"embeddable":true,"href":"https:\/\/saryeebelting.com\/pt\/wp-json\/wp\/v2\/users\/1"}],"replies":[{"embeddable":true,"href":"https:\/\/saryeebelting.com\/pt\/wp-json\/wp\/v2\/comments?post=26"}],"version-history":[{"count":128,"href":"https:\/\/saryeebelting.com\/pt\/wp-json\/wp\/v2\/pages\/26\/revisions"}],"predecessor-version":[{"id":5840,"href":"https:\/\/saryeebelting.com\/pt\/wp-json\/wp\/v2\/pages\/26\/revisions\/5840"}],"wp:attachment":[{"href":"https:\/\/saryeebelting.com\/pt\/wp-json\/wp\/v2\/media?parent=26"}],"curies":[{"name":"wp","href":"https:\/\/api.w.org\/{rel}","templated":true}]}}