{"id":595,"date":"2022-08-10T00:49:01","date_gmt":"2022-08-10T08:49:01","guid":{"rendered":"https:\/\/saryeebelting.com\/?page_id=595"},"modified":"2024-03-13T21:40:48","modified_gmt":"2024-03-14T05:40:48","slug":"vision-mission","status":"publish","type":"page","link":"https:\/\/saryeebelting.com\/fr\/about-us\/vision-mission\/","title":{"rendered":"Vision et mission"},"content":{"rendered":"<div data-elementor-type=\"wp-page\" data-elementor-id=\"595\" class=\"elementor elementor-595\" data-elementor-post-type=\"page\">\n\t\t\t\t\t\t<section class=\"elementor-section elementor-top-section elementor-element elementor-element-80705d4 elementor-section-height-min-height elementor-section-boxed elementor-section-height-default elementor-section-items-middle\" data-id=\"80705d4\" data-element_type=\"section\" data-e-type=\"section\" data-settings=\"{&quot;background_background&quot;:&quot;classic&quot;}\">\n\t\t\t\t\t\t\t<div class=\"elementor-background-overlay\"><\/div>\n\t\t\t\t\t\t\t<div class=\"elementor-container elementor-column-gap-default\">\n\t\t\t\t\t<div class=\"elementor-column elementor-col-100 elementor-top-column elementor-element elementor-element-f36a616\" data-id=\"f36a616\" data-element_type=\"column\" data-e-type=\"column\">\n\t\t\t<div class=\"elementor-widget-wrap elementor-element-populated\">\n\t\t\t\t\t\t<div class=\"elementor-element elementor-element-daa1785 elementor-widget elementor-widget-heading\" data-id=\"daa1785\" data-element_type=\"widget\" data-e-type=\"widget\" data-widget_type=\"heading.default\">\n\t\t\t\t<div class=\"elementor-widget-container\">\n\t\t\t\t\t<h1 class=\"elementor-heading-title elementor-size-default\">VISION ET MISSION<\/h1>\t\t\t\t<\/div>\n\t\t\t\t<\/div>\n\t\t\t\t\t<\/div>\n\t\t<\/div>\n\t\t\t\t\t<\/div>\n\t\t<\/section>\n\t\t\t\t<section class=\"elementor-section elementor-top-section elementor-element elementor-element-e15745a elementor-section-boxed elementor-section-height-default elementor-section-height-default\" data-id=\"e15745a\" data-element_type=\"section\" data-e-type=\"section\">\n\t\t\t\t\t\t<div class=\"elementor-container elementor-column-gap-default\">\n\t\t\t\t\t<div class=\"elementor-column elementor-col-100 elementor-top-column elementor-element elementor-element-9d5ae6e\" data-id=\"9d5ae6e\" data-element_type=\"column\" data-e-type=\"column\">\n\t\t\t<div class=\"elementor-widget-wrap elementor-element-populated\">\n\t\t\t\t\t\t<div class=\"elementor-element elementor-element-66f7a5d elementor-widget elementor-widget-breadcrumbs\" data-id=\"66f7a5d\" data-element_type=\"widget\" data-e-type=\"widget\" data-widget_type=\"breadcrumbs.default\">\n\t\t\t\t<div class=\"elementor-widget-container\">\n\t\t\t\t\t<p id=\"breadcrumbs\"><span><span><a href=\"https:\/\/saryeebelting.com\/fr\/\">MAISON<\/a><\/span><\/span><\/p>\t\t\t\t<\/div>\n\t\t\t\t<\/div>\n\t\t\t\t\t<\/div>\n\t\t<\/div>\n\t\t\t\t\t<\/div>\n\t\t<\/section>\n\t\t<div class=\"elementor-element elementor-element-a1eb384 e-flex e-con-boxed e-con e-parent\" data-id=\"a1eb384\" data-element_type=\"container\" data-e-type=\"container\">\n\t\t\t\t\t<div class=\"e-con-inner\">\n\t\t<div class=\"elementor-element elementor-element-369d688 e-con-full e-flex e-con e-child\" data-id=\"369d688\" data-element_type=\"container\" data-e-type=\"container\">\n\t\t\t\t<div class=\"elementor-element elementor-element-1393190 elementor-widget elementor-widget-text-editor\" data-id=\"1393190\" data-element_type=\"widget\" data-e-type=\"widget\" data-widget_type=\"text-editor.default\">\n\t\t\t\t<div class=\"elementor-widget-container\">\n\t\t\t\t\t\t\t\t\t<h2>Notre vision et notre mission<\/h2>\t\t\t\t\t\t\t\t<\/div>\n\t\t\t\t<\/div>\n\t\t\t\t<div class=\"elementor-element elementor-element-eec969b elementor-widget elementor-widget-image\" data-id=\"eec969b\" data-element_type=\"widget\" data-e-type=\"widget\" data-widget_type=\"image.default\">\n\t\t\t\t<div class=\"elementor-widget-container\">\n\t\t\t\t\t\t\t\t\t\t\t\t\t\t\t<img fetchpriority=\"high\" decoding=\"async\" width=\"500\" height=\"375\" src=\"https:\/\/saryeebelting.com\/wp-content\/uploads\/2024\/02\/Vision-Mission-1.webp\" class=\"attachment-large size-large wp-image-3873\" alt=\"Vision et mission\" srcset=\"https:\/\/saryeebelting.com\/wp-content\/uploads\/2024\/02\/Vision-Mission-1.webp 500w, https:\/\/saryeebelting.com\/wp-content\/uploads\/2024\/02\/Vision-Mission-1-300x225.webp 300w\" sizes=\"(max-width: 500px) 100vw, 500px\" \/>\t\t\t\t\t\t\t\t\t\t\t\t\t\t\t<\/div>\n\t\t\t\t<\/div>\n\t\t\t\t<div class=\"elementor-element elementor-element-8fbbaf5 elementor-widget elementor-widget-text-editor\" data-id=\"8fbbaf5\" data-element_type=\"widget\" data-e-type=\"widget\" data-widget_type=\"text-editor.default\">\n\t\t\t\t<div class=\"elementor-widget-container\">\n\t\t\t\t\t\t\t\t\t<p>Chez Saryee Belting, notre vision est d&#039;\u00eatre le leader de confiance dans l&#039;industrie des bandes transporteuses, en fournissant des solutions innovantes et fiables qui am\u00e9liorent l&#039;efficacit\u00e9 et la productivit\u00e9 de nos clients.&nbsp;<\/p>\n<p>Notre mission est de r\u00e9volutionner l&#039;industrie des convoyeurs \u00e0 bande en proposant des solutions innovantes, durables et efficaces qui r\u00e9pondent aux besoins de nos clients.<\/p>\n<p>Notre objectif est d&#039;am\u00e9liorer constamment nos produits, nos services et nos processus afin de r\u00e9pondre aux besoins changeants de nos clients et de rester \u00e0 la pointe de notre secteur.<\/p>\n<p>Notre objectif ultime est de cr\u00e9er des partenariats durables avec nos clients, fond\u00e9s sur la confiance, l&#039;int\u00e9grit\u00e9 et un service client exceptionnel.&nbsp;<\/p>\n<p>Ensemble, nous envisageons un avenir o\u00f9 Saryee Belting sera synonyme de qualit\u00e9, de fiabilit\u00e9 et d&#039;innovation dans l&#039;industrie des bandes transporteuses.<\/p>\t\t\t\t\t\t\t\t<\/div>\n\t\t\t\t<\/div>\n\t\t\t\t<\/div>\n\t\t\t\t\t<\/div>\n\t\t\t\t<\/div>\n\t\t\t\t<\/div>","protected":false},"excerpt":{"rendered":"<p>VISION &#038; MISSION Our Vision &amp; Mission At Saryee Belting, our vision is to be the trusted leader in the conveyor belt industry, delivering innovative and reliable solutions that enhance the efficiency and productivity of our customers.&nbsp; Our mission is to revolutionize the conveyor belt industry by delivering innovative, sustainable, and efficient solutions that meet [&hellip;]<\/p>\n","protected":false},"author":1,"featured_media":3873,"parent":26,"menu_order":0,"comment_status":"closed","ping_status":"closed","template":"","meta":{"footnotes":""},"class_list":["post-595","page","type-page","status-publish","has-post-thumbnail","hentry"],"yoast_head":"<!-- This site is optimized with the Yoast SEO Premium plugin v22.0 (Yoast SEO v27.4) - https:\/\/yoast.com\/product\/yoast-seo-premium-wordpress\/ -->\n<title>Vision &amp; Mission | Saryee Belting | The Trusted Conveyor Belts Manufacturer<\/title>\n<meta name=\"description\" content=\"At Saryee Belting, we aspire to become the globally recognized and trusted leader in the conveyor belt industry.\" \/>\n<meta name=\"robots\" content=\"index, follow, max-snippet:-1, max-image-preview:large, max-video-preview:-1\" \/>\n<link rel=\"canonical\" href=\"https:\/\/saryeebelting.com\/fr\/a-propos-de-nous\/vision-mission\/\" \/>\n<meta property=\"og:locale\" content=\"fr_FR\" \/>\n<meta property=\"og:type\" content=\"article\" \/>\n<meta property=\"og:title\" content=\"Vision &amp; Mission\" \/>\n<meta property=\"og:description\" content=\"At Saryee Belting, we aspire to become the globally recognized and trusted leader in the conveyor belt industry.\" \/>\n<meta property=\"og:url\" content=\"https:\/\/saryeebelting.com\/fr\/a-propos-de-nous\/vision-mission\/\" \/>\n<meta property=\"og:site_name\" content=\"Saryee Belting | The Trusted Conveyor Belts Manufacturer\" \/>\n<meta property=\"article:modified_time\" content=\"2024-03-14T05:40:48+00:00\" \/>\n<meta property=\"og:image\" content=\"https:\/\/saryeebelting.com\/wp-content\/uploads\/2024\/02\/Vision-Mission-1.webp\" \/>\n\t<meta property=\"og:image:width\" content=\"500\" \/>\n\t<meta property=\"og:image:height\" content=\"375\" \/>\n\t<meta property=\"og:image:type\" content=\"image\/webp\" \/>\n<meta name=\"twitter:card\" content=\"summary_large_image\" \/>\n<meta name=\"twitter:label1\" content=\"Est. reading time\" \/>\n\t<meta name=\"twitter:data1\" content=\"1 minute\" \/>\n<script type=\"application\/ld+json\" class=\"yoast-schema-graph\">{\"@context\":\"https:\\\/\\\/schema.org\",\"@graph\":[{\"@type\":\"WebPage\",\"@id\":\"https:\\\/\\\/saryeebelting.com\\\/about-us\\\/vision-mission\\\/\",\"url\":\"https:\\\/\\\/saryeebelting.com\\\/about-us\\\/vision-mission\\\/\",\"name\":\"Vision & Mission | Saryee Belting | The Trusted Conveyor Belts Manufacturer\",\"isPartOf\":{\"@id\":\"https:\\\/\\\/saryeebelting.com\\\/#website\"},\"primaryImageOfPage\":{\"@id\":\"https:\\\/\\\/saryeebelting.com\\\/about-us\\\/vision-mission\\\/#primaryimage\"},\"image\":{\"@id\":\"https:\\\/\\\/saryeebelting.com\\\/about-us\\\/vision-mission\\\/#primaryimage\"},\"thumbnailUrl\":\"https:\\\/\\\/saryeebelting.com\\\/wp-content\\\/uploads\\\/2024\\\/02\\\/Vision-Mission-1.webp\",\"datePublished\":\"2022-08-10T08:49:01+00:00\",\"dateModified\":\"2024-03-14T05:40:48+00:00\",\"description\":\"At Saryee Belting, we aspire to become the globally recognized and trusted leader in the conveyor belt industry.\",\"breadcrumb\":{\"@id\":\"https:\\\/\\\/saryeebelting.com\\\/about-us\\\/vision-mission\\\/#breadcrumb\"},\"inLanguage\":\"fr-FR\",\"potentialAction\":[{\"@type\":\"ReadAction\",\"target\":[\"https:\\\/\\\/saryeebelting.com\\\/about-us\\\/vision-mission\\\/\"]}]},{\"@type\":\"ImageObject\",\"inLanguage\":\"fr-FR\",\"@id\":\"https:\\\/\\\/saryeebelting.com\\\/about-us\\\/vision-mission\\\/#primaryimage\",\"url\":\"https:\\\/\\\/saryeebelting.com\\\/wp-content\\\/uploads\\\/2024\\\/02\\\/Vision-Mission-1.webp\",\"contentUrl\":\"https:\\\/\\\/saryeebelting.com\\\/wp-content\\\/uploads\\\/2024\\\/02\\\/Vision-Mission-1.webp\",\"width\":500,\"height\":375,\"caption\":\"Vision & Mission\"},{\"@type\":\"BreadcrumbList\",\"@id\":\"https:\\\/\\\/saryeebelting.com\\\/about-us\\\/vision-mission\\\/#breadcrumb\",\"itemListElement\":[{\"@type\":\"ListItem\",\"position\":1,\"name\":\"HOME\",\"item\":\"https:\\\/\\\/saryeebelting.com\\\/\"},{\"@type\":\"ListItem\",\"position\":2,\"name\":\"ABOUT US\",\"item\":\"https:\\\/\\\/saryeebelting.com\\\/about-us\\\/\"},{\"@type\":\"ListItem\",\"position\":3,\"name\":\"Vision &#038; Mission\"}]},{\"@type\":\"WebSite\",\"@id\":\"https:\\\/\\\/saryeebelting.com\\\/#website\",\"url\":\"https:\\\/\\\/saryeebelting.com\\\/\",\"name\":\"Saryee Belting | The Trusted Conveyor Belts Manufacturer\",\"description\":\"Saryee Belting, a leading stainless steel, plastic, wire mesh, spiral and PTFE conveyor belts manufacturer with over 30 years experience in the industry.\",\"publisher\":{\"@id\":\"https:\\\/\\\/saryeebelting.com\\\/#organization\"},\"alternateName\":\"Saryee Belting\",\"potentialAction\":[{\"@type\":\"SearchAction\",\"target\":{\"@type\":\"EntryPoint\",\"urlTemplate\":\"https:\\\/\\\/saryeebelting.com\\\/?s={search_term_string}\"},\"query-input\":{\"@type\":\"PropertyValueSpecification\",\"valueRequired\":true,\"valueName\":\"search_term_string\"}}],\"inLanguage\":\"fr-FR\"},{\"@type\":\"Organization\",\"@id\":\"https:\\\/\\\/saryeebelting.com\\\/#organization\",\"name\":\"Saryee Belting\",\"alternateName\":\"Saryee\",\"url\":\"https:\\\/\\\/saryeebelting.com\\\/\",\"logo\":{\"@type\":\"ImageObject\",\"inLanguage\":\"fr-FR\",\"@id\":\"https:\\\/\\\/saryeebelting.com\\\/#\\\/schema\\\/logo\\\/image\\\/\",\"url\":\"https:\\\/\\\/saryeebelting.com\\\/wp-content\\\/uploads\\\/2022\\\/07\\\/LOGO-PNG-MIN.png\",\"contentUrl\":\"https:\\\/\\\/saryeebelting.com\\\/wp-content\\\/uploads\\\/2022\\\/07\\\/LOGO-PNG-MIN.png\",\"width\":300,\"height\":219,\"caption\":\"Saryee Belting\"},\"image\":{\"@id\":\"https:\\\/\\\/saryeebelting.com\\\/#\\\/schema\\\/logo\\\/image\\\/\"},\"description\":\"Saryee Belting, A Worldwide Leader of Conveyor Belt Manufacturing and Supplier. Established in 1988, Saryee Belting is a global market leader in the design, manufacture and service of high quality conveyor belts. And, today our conveyor belts are exported to over 100 countries around the world. The engineers we employ are experts in conveyor belt design and manufacturing, and most of them have more than 10 years of experience. They love conveyor belts and are passionate about what they do best, help our customers deal with conveyor belt challenge. Saryee Belting operate multiple manufacturing sites in China. Different manufacturing bases are responsible for the production of different types of conveyor belts. With the supply chain advantages of each manufacturing base, we can improve the competitiveness of our products.\",\"email\":\"info@saryeebelting.com\",\"telephone\":\"008618830800262\",\"legalName\":\"Hebei Saryee Technology Co., Ltd\",\"foundingDate\":\"1987-04-07\",\"numberOfEmployees\":{\"@type\":\"QuantitativeValue\",\"minValue\":\"51\",\"maxValue\":\"200\"}}]}<\/script>\n<!-- \/ Yoast SEO Premium plugin. -->","yoast_head_json":{"title":"Vision et mission | Saryee Belting | Fabricant de courroies transporteuses de confiance","description":"Chez Saryee Belting, nous aspirons \u00e0 devenir le leader mondialement reconnu et digne de confiance dans l&#039;industrie des bandes transporteuses.","robots":{"index":"index","follow":"follow","max-snippet":"max-snippet:-1","max-image-preview":"max-image-preview:large","max-video-preview":"max-video-preview:-1"},"canonical":"https:\/\/saryeebelting.com\/fr\/a-propos-de-nous\/vision-mission\/","og_locale":"fr_FR","og_type":"article","og_title":"Vision & Mission","og_description":"At Saryee Belting, we aspire to become the globally recognized and trusted leader in the conveyor belt industry.","og_url":"https:\/\/saryeebelting.com\/fr\/a-propos-de-nous\/vision-mission\/","og_site_name":"Saryee Belting | The Trusted Conveyor Belts Manufacturer","article_modified_time":"2024-03-14T05:40:48+00:00","og_image":[{"width":500,"height":375,"url":"https:\/\/saryeebelting.com\/wp-content\/uploads\/2024\/02\/Vision-Mission-1.webp","type":"image\/webp"}],"twitter_card":"summary_large_image","twitter_misc":{"Est. reading time":"1 minute"},"schema":{"@context":"https:\/\/schema.org","@graph":[{"@type":"WebPage","@id":"https:\/\/saryeebelting.com\/about-us\/vision-mission\/","url":"https:\/\/saryeebelting.com\/about-us\/vision-mission\/","name":"Vision et mission | Saryee Belting | Fabricant de courroies transporteuses de confiance","isPartOf":{"@id":"https:\/\/saryeebelting.com\/#website"},"primaryImageOfPage":{"@id":"https:\/\/saryeebelting.com\/about-us\/vision-mission\/#primaryimage"},"image":{"@id":"https:\/\/saryeebelting.com\/about-us\/vision-mission\/#primaryimage"},"thumbnailUrl":"https:\/\/saryeebelting.com\/wp-content\/uploads\/2024\/02\/Vision-Mission-1.webp","datePublished":"2022-08-10T08:49:01+00:00","dateModified":"2024-03-14T05:40:48+00:00","description":"Chez Saryee Belting, nous aspirons \u00e0 devenir le leader mondialement reconnu et digne de confiance dans l&#039;industrie des bandes transporteuses.","breadcrumb":{"@id":"https:\/\/saryeebelting.com\/about-us\/vision-mission\/#breadcrumb"},"inLanguage":"fr-FR","potentialAction":[{"@type":"ReadAction","target":["https:\/\/saryeebelting.com\/about-us\/vision-mission\/"]}]},{"@type":"ImageObject","inLanguage":"fr-FR","@id":"https:\/\/saryeebelting.com\/about-us\/vision-mission\/#primaryimage","url":"https:\/\/saryeebelting.com\/wp-content\/uploads\/2024\/02\/Vision-Mission-1.webp","contentUrl":"https:\/\/saryeebelting.com\/wp-content\/uploads\/2024\/02\/Vision-Mission-1.webp","width":500,"height":375,"caption":"Vision & Mission"},{"@type":"BreadcrumbList","@id":"https:\/\/saryeebelting.com\/about-us\/vision-mission\/#breadcrumb","itemListElement":[{"@type":"ListItem","position":1,"name":"HOME","item":"https:\/\/saryeebelting.com\/"},{"@type":"ListItem","position":2,"name":"ABOUT US","item":"https:\/\/saryeebelting.com\/about-us\/"},{"@type":"ListItem","position":3,"name":"Vision &#038; Mission"}]},{"@type":"WebSite","@id":"https:\/\/saryeebelting.com\/#website","url":"https:\/\/saryeebelting.com\/","name":"Saryee Belting | Fabricant de courroies transporteuses de confiance","description":"Saryee Belting, fabricant leader de bandes transporteuses en acier inoxydable, plastique, treillis m\u00e9tallique, spirales et PTFE, avec plus de 30 ans d&#039;exp\u00e9rience dans le secteur.","publisher":{"@id":"https:\/\/saryeebelting.com\/#organization"},"alternateName":"Saryee Belting","potentialAction":[{"@type":"SearchAction","target":{"@type":"EntryPoint","urlTemplate":"https:\/\/saryeebelting.com\/?s={search_term_string}"},"query-input":{"@type":"PropertyValueSpecification","valueRequired":true,"valueName":"search_term_string"}}],"inLanguage":"fr-FR"},{"@type":"Organization","@id":"https:\/\/saryeebelting.com\/#organization","name":"Ceinture Saryee","alternateName":"Saryee","url":"https:\/\/saryeebelting.com\/","logo":{"@type":"ImageObject","inLanguage":"fr-FR","@id":"https:\/\/saryeebelting.com\/#\/schema\/logo\/image\/","url":"https:\/\/saryeebelting.com\/wp-content\/uploads\/2022\/07\/LOGO-PNG-MIN.png","contentUrl":"https:\/\/saryeebelting.com\/wp-content\/uploads\/2022\/07\/LOGO-PNG-MIN.png","width":300,"height":219,"caption":"Saryee Belting"},"image":{"@id":"https:\/\/saryeebelting.com\/#\/schema\/logo\/image\/"},"description":"Saryee Belting, leader mondial de la fabrication et de la fourniture de bandes transporteuses. Fond\u00e9e en 1988, Saryee Belting est un acteur majeur du march\u00e9 international dans la conception, la fabrication et le service de bandes transporteuses de haute qualit\u00e9. Aujourd&#039;hui, nos bandes transporteuses sont export\u00e9es dans plus de 100 pays. Nos ing\u00e9nieurs sont des experts en conception et fabrication de bandes transporteuses, et la plupart d&#039;entre eux poss\u00e8dent plus de 10 ans d&#039;exp\u00e9rience. Passionn\u00e9s par leur m\u00e9tier, ils mettent tout en \u0153uvre pour aider nos clients \u00e0 relever les d\u00e9fis li\u00e9s aux bandes transporteuses. Saryee Belting exploite plusieurs sites de production en Chine. Chaque site est responsable de la fabrication des diff\u00e9rents types de bandes transporteuses. Gr\u00e2ce aux atouts de la cha\u00eene d&#039;approvisionnement de chaque site, nous optimisons la comp\u00e9titivit\u00e9 de nos produits.","email":"info@saryeebelting.com","telephone":"008618830800262","legalName":"Hebei Saryee Technology Co., Ltd","foundingDate":"1987-04-07","numberOfEmployees":{"@type":"QuantitativeValue","minValue":"51","maxValue":"200"}}]}},"_links":{"self":[{"href":"https:\/\/saryeebelting.com\/fr\/wp-json\/wp\/v2\/pages\/595","targetHints":{"allow":["GET"]}}],"collection":[{"href":"https:\/\/saryeebelting.com\/fr\/wp-json\/wp\/v2\/pages"}],"about":[{"href":"https:\/\/saryeebelting.com\/fr\/wp-json\/wp\/v2\/types\/page"}],"author":[{"embeddable":true,"href":"https:\/\/saryeebelting.com\/fr\/wp-json\/wp\/v2\/users\/1"}],"replies":[{"embeddable":true,"href":"https:\/\/saryeebelting.com\/fr\/wp-json\/wp\/v2\/comments?post=595"}],"version-history":[{"count":37,"href":"https:\/\/saryeebelting.com\/fr\/wp-json\/wp\/v2\/pages\/595\/revisions"}],"predecessor-version":[{"id":4595,"href":"https:\/\/saryeebelting.com\/fr\/wp-json\/wp\/v2\/pages\/595\/revisions\/4595"}],"up":[{"embeddable":true,"href":"https:\/\/saryeebelting.com\/fr\/wp-json\/wp\/v2\/pages\/26"}],"wp:featuredmedia":[{"embeddable":true,"href":"https:\/\/saryeebelting.com\/fr\/wp-json\/wp\/v2\/media\/3873"}],"wp:attachment":[{"href":"https:\/\/saryeebelting.com\/fr\/wp-json\/wp\/v2\/media?parent=595"}],"curies":[{"name":"wp","href":"https:\/\/api.w.org\/{rel}","templated":true}]}}