{"id":26,"date":"2022-07-14T00:17:11","date_gmt":"2022-07-14T08:17:11","guid":{"rendered":"http:\/\/saryeebelting.com\/?page_id=26"},"modified":"2024-04-24T23:09:05","modified_gmt":"2024-04-25T07:09:05","slug":"a-propos-de-nous","status":"publish","type":"page","link":"https:\/\/saryeebelting.com\/fr\/about-us\/","title":{"rendered":"\u00c0 PROPOS DE NOUS"},"content":{"rendered":"<div data-elementor-type=\"wp-page\" data-elementor-id=\"26\" class=\"elementor elementor-26\" data-elementor-post-type=\"page\">\n\t\t\t\t<div class=\"elementor-element elementor-element-4b246d9 e-flex e-con-boxed e-con e-parent\" data-id=\"4b246d9\" data-element_type=\"container\" data-e-type=\"container\" data-settings=\"{&quot;background_background&quot;:&quot;classic&quot;}\">\n\t\t\t\t\t<div class=\"e-con-inner\">\n\t\t\t\t<div class=\"elementor-element elementor-element-9fcff7b elementor-widget elementor-widget-heading\" data-id=\"9fcff7b\" data-element_type=\"widget\" data-e-type=\"widget\" data-widget_type=\"heading.default\">\n\t\t\t\t<div class=\"elementor-widget-container\">\n\t\t\t\t\t<h1 class=\"elementor-heading-title elementor-size-default\">\u00c0 PROPOS DE NOUS<\/h1>\t\t\t\t<\/div>\n\t\t\t\t<\/div>\n\t\t\t\t\t<\/div>\n\t\t\t\t<\/div>\n\t\t<div class=\"elementor-element elementor-element-f8f9773 e-flex e-con-boxed e-con e-parent\" data-id=\"f8f9773\" data-element_type=\"container\" data-e-type=\"container\">\n\t\t\t\t\t<div class=\"e-con-inner\">\n\t\t\t\t<div class=\"elementor-element elementor-element-6c7e11d elementor-widget__width-inherit elementor-widget elementor-widget-breadcrumbs\" data-id=\"6c7e11d\" data-element_type=\"widget\" data-e-type=\"widget\" data-widget_type=\"breadcrumbs.default\">\n\t\t\t\t<div class=\"elementor-widget-container\">\n\t\t\t\t\t<p id=\"breadcrumbs\"><span><span><a href=\"https:\/\/saryeebelting.com\/fr\/\">MAISON<\/a><\/span><\/span><\/p>\t\t\t\t<\/div>\n\t\t\t\t<\/div>\n\t\t\t\t\t<\/div>\n\t\t\t\t<\/div>\n\t\t\t\t<section class=\"elementor-section elementor-top-section elementor-element elementor-element-8c97b37 elementor-section-boxed elementor-section-height-default elementor-section-height-default\" data-id=\"8c97b37\" data-element_type=\"section\" data-e-type=\"section\">\n\t\t\t\t\t\t<div class=\"elementor-container elementor-column-gap-default\">\n\t\t\t\t\t<div class=\"elementor-column elementor-col-100 elementor-top-column elementor-element elementor-element-a33c98a\" data-id=\"a33c98a\" data-element_type=\"column\" data-e-type=\"column\">\n\t\t\t<div class=\"elementor-widget-wrap elementor-element-populated\">\n\t\t\t\t\t\t<div class=\"elementor-element elementor-element-d291dd3 elementor-widget elementor-widget-text-editor\" data-id=\"d291dd3\" data-element_type=\"widget\" data-e-type=\"widget\" data-widget_type=\"text-editor.default\">\n\t\t\t\t<div class=\"elementor-widget-container\">\n\t\t\t\t\t\t\t\t\t<h2><span style=\"color: #000000;\">\u00c0 propos<\/span>\u00a0<span style=\"color: #003266;\">ceinture saryee<\/span><\/h2>\t\t\t\t\t\t\t\t<\/div>\n\t\t\t\t<\/div>\n\t\t\t\t<div class=\"elementor-element elementor-element-2f4ee5d elementor-widget elementor-widget-text-editor\" data-id=\"2f4ee5d\" data-element_type=\"widget\" data-e-type=\"widget\" data-widget_type=\"text-editor.default\">\n\t\t\t\t<div class=\"elementor-widget-container\">\n\t\t\t\t\t\t\t\t\t<h3>Un leader mondial dans la fabrication et la fourniture de bandes transporteuses<\/h3>\t\t\t\t\t\t\t\t<\/div>\n\t\t\t\t<\/div>\n\t\t\t\t<div class=\"elementor-element elementor-element-f882ebc elementor-widget elementor-widget-image\" data-id=\"f882ebc\" data-element_type=\"widget\" data-e-type=\"widget\" data-widget_type=\"image.default\">\n\t\t\t\t<div class=\"elementor-widget-container\">\n\t\t\t\t\t\t\t\t\t\t\t\t\t\t\t<img fetchpriority=\"high\" decoding=\"async\" width=\"600\" height=\"450\" src=\"https:\/\/saryeebelting.com\/wp-content\/uploads\/2024\/01\/About-Saryee-Belting-1.jpg\" class=\"attachment-full size-full wp-image-3414\" alt=\"\u00c0 propos de Saryee Belting\" srcset=\"https:\/\/saryeebelting.com\/wp-content\/uploads\/2024\/01\/About-Saryee-Belting-1.jpg 600w, https:\/\/saryeebelting.com\/wp-content\/uploads\/2024\/01\/About-Saryee-Belting-1-300x225.jpg 300w\" sizes=\"(max-width: 600px) 100vw, 600px\" \/>\t\t\t\t\t\t\t\t\t\t\t\t\t\t\t<\/div>\n\t\t\t\t<\/div>\n\t\t\t\t<div class=\"elementor-element elementor-element-64b9cea elementor-widget elementor-widget-text-editor\" data-id=\"64b9cea\" data-element_type=\"widget\" data-e-type=\"widget\" data-widget_type=\"text-editor.default\">\n\t\t\t\t<div class=\"elementor-widget-container\">\n\t\t\t\t\t\t\t\t\t<p>Fond\u00e9e en 1988, Saryee Belting est un leader mondial dans la conception, la fabrication et le service de bandes transporteuses de haute qualit\u00e9. Aujourd&#039;hui, nos bandes transporteuses sont export\u00e9es dans plus de 100 pays \u00e0 travers le monde.<\/p>\n<p>Nos ing\u00e9nieurs sont des experts en conception et fabrication de bandes transporteuses, et la plupart d&#039;entre eux poss\u00e8dent plus de 10 ans d&#039;exp\u00e9rience. Passionn\u00e9s par les bandes transporteuses, ils excellent dans leur domaine et aident nos clients \u00e0 relever les d\u00e9fis li\u00e9s \u00e0 leur technologie.<\/p>\n<p>Saryee Belting exploite plusieurs sites de production en Chine. Chaque site est responsable de la fabrication des diff\u00e9rents types de bandes transporteuses. Gr\u00e2ce aux atouts de la cha\u00eene d&#039;approvisionnement de chaque site, nous optimisons la comp\u00e9titivit\u00e9 de nos produits.<\/p>\n<p>Pour l&#039;avenir, notre objectif est d&#039;\u00eatre un leader reconnu partout o\u00f9 nous exer\u00e7ons nos activit\u00e9s.<\/p>\t\t\t\t\t\t\t\t<\/div>\n\t\t\t\t<\/div>\n\t\t\t\t<div class=\"elementor-element elementor-element-03457a8 elementor-widget elementor-widget-text-editor\" data-id=\"03457a8\" data-element_type=\"widget\" data-e-type=\"widget\" data-widget_type=\"text-editor.default\">\n\t\t\t\t<div class=\"elementor-widget-container\">\n\t\t\t\t\t\t\t\t\t<h3>D\u00e9vou\u00e9s \u00e0 toujours viser l&#039;excellence<\/h3>\t\t\t\t\t\t\t\t<\/div>\n\t\t\t\t<\/div>\n\t\t\t\t<div class=\"elementor-element elementor-element-a3ba267 elementor-widget elementor-widget-text-editor\" data-id=\"a3ba267\" data-element_type=\"widget\" data-e-type=\"widget\" data-widget_type=\"text-editor.default\">\n\t\t\t\t<div class=\"elementor-widget-container\">\n\t\t\t\t\t\t\t\t\t<p>Nous sommes convaincus que l&#039;am\u00e9lioration continue est essentielle pour offrir \u00e0 nos clients les meilleurs produits et services possibles.<\/p><p>Notre engagement envers l&#039;am\u00e9lioration continue est ce qui nous distingue de la concurrence et nous permet de toujours d\u00e9passer les attentes de nos clients.<\/p>\t\t\t\t\t\t\t\t<\/div>\n\t\t\t\t<\/div>\n\t\t\t\t<div class=\"elementor-element elementor-element-2360a83 elementor-widget elementor-widget-text-editor\" data-id=\"2360a83\" data-element_type=\"widget\" data-e-type=\"widget\" data-widget_type=\"text-editor.default\">\n\t\t\t\t<div class=\"elementor-widget-container\">\n\t\t\t\t\t\t\t\t\t<h3>Pourquoi choisir <span style=\"color: #003266;\">Ceinture Saryee<\/span> Bandes transporteuses ?<\/h3>\t\t\t\t\t\t\t\t<\/div>\n\t\t\t\t<\/div>\n\t\t\t\t<div class=\"elementor-element elementor-element-c2f7913 elementor-widget elementor-widget-text-editor\" data-id=\"c2f7913\" data-element_type=\"widget\" data-e-type=\"widget\" data-widget_type=\"text-editor.default\">\n\t\t\t\t<div class=\"elementor-widget-container\">\n\t\t\t\t\t\t\t\t\t<ul><li><strong>Plus de 30 ans d&#039;exp\u00e9rience en conception et fabrication.<\/strong> Nous savons concevoir et fabriquer le convoyeur adapt\u00e9 \u00e0 vos besoins sp\u00e9cifiques.<\/li><li><strong>Excellent service client.<\/strong> Nous offrons un excellent service client, vous assurant ainsi de b\u00e9n\u00e9ficier du meilleur service et de la meilleure assistance technique possible.<\/li><li><strong>Solutions personnalisables.<\/strong> Nous proposons des bandes transporteuses sur mesure pour r\u00e9pondre \u00e0 vos besoins sp\u00e9cifiques, garantissant ainsi le fonctionnement efficace et performant de votre entreprise.<\/li><li><strong>Prix comp\u00e9titifs.<\/strong> Nous proposons des prix comp\u00e9titifs sur tous nos convoyeurs, vous assurant ainsi des produits de haute qualit\u00e9 \u00e0 des prix abordables.<\/li><li><strong><a href=\"https:\/\/saryeebelting.com\/fr\/produits\/\">De nombreux styles et sp\u00e9cifications<\/a> de tapis roulants.<\/strong> Nous fournissons des bandes transporteuses pour des secteurs tels que l&#039;agroalimentaire, le textile, l&#039;\u00e9lectronique, l&#039;agriculture, l&#039;automobile et bien d&#039;autres.<\/li><\/ul>\t\t\t\t\t\t\t\t<\/div>\n\t\t\t\t<\/div>\n\t\t\t\t\t<\/div>\n\t\t<\/div>\n\t\t\t\t\t<\/div>\n\t\t<\/section>\n\t\t\t\t<\/div>","protected":false},"excerpt":{"rendered":"<p>ABOUT US About\u00a0saryee belting A Worldwide\u00a0Leader of Conveyor Belt Manufacturing and Supplier Established in 1988, Saryee Belting is a global market leader in the design, manufacture and service of high quality conveyor belts. And, today our conveyor belts are exported to over 100 countries around the world. The engineers we employ are experts in conveyor [&hellip;]<\/p>\n","protected":false},"author":1,"featured_media":0,"parent":0,"menu_order":0,"comment_status":"closed","ping_status":"closed","template":"","meta":{"footnotes":""},"class_list":["post-26","page","type-page","status-publish","hentry"],"yoast_head":"<!-- This site is optimized with the Yoast SEO Premium plugin v22.0 (Yoast SEO v27.3) - https:\/\/yoast.com\/product\/yoast-seo-premium-wordpress\/ -->\n<title>ABOUT US | Saryee Belting | The Trusted Conveyor Belts Manufacturer - Leader of Conveyor Belt Manufacturing and Supplier<\/title>\n<meta name=\"description\" content=\"Saryee Belting is a global market leader in the design, manufacture and service of high quality, high performance process and conveyor belts\" \/>\n<meta name=\"robots\" content=\"index, follow, max-snippet:-1, max-image-preview:large, max-video-preview:-1\" \/>\n<link rel=\"canonical\" href=\"https:\/\/saryeebelting.com\/fr\/a-propos-de-nous\/\" \/>\n<meta property=\"og:locale\" content=\"fr_FR\" \/>\n<meta property=\"og:type\" content=\"article\" \/>\n<meta property=\"og:title\" content=\"ABOUT US\" \/>\n<meta property=\"og:description\" content=\"Saryee Belting is a global market leader in the design, manufacture and service of high quality, high performance process and conveyor belts\" \/>\n<meta property=\"og:url\" content=\"https:\/\/saryeebelting.com\/fr\/a-propos-de-nous\/\" \/>\n<meta property=\"og:site_name\" content=\"Saryee Belting | The Trusted Conveyor Belts Manufacturer\" \/>\n<meta property=\"article:modified_time\" content=\"2024-04-25T07:09:05+00:00\" \/>\n<meta property=\"og:image\" content=\"https:\/\/saryeebelting.com\/wp-content\/uploads\/2024\/01\/About-Saryee-Belting-1.jpg\" \/>\n<meta name=\"twitter:card\" content=\"summary_large_image\" \/>\n<meta name=\"twitter:label1\" content=\"Est. reading time\" \/>\n\t<meta name=\"twitter:data1\" content=\"2 minutes\" \/>\n<script type=\"application\/ld+json\" class=\"yoast-schema-graph\">{\"@context\":\"https:\\\/\\\/schema.org\",\"@graph\":[{\"@type\":\"WebPage\",\"@id\":\"https:\\\/\\\/saryeebelting.com\\\/about-us\\\/\",\"url\":\"https:\\\/\\\/saryeebelting.com\\\/about-us\\\/\",\"name\":\"ABOUT US | Saryee Belting | The Trusted Conveyor Belts Manufacturer - Leader of Conveyor Belt Manufacturing and Supplier\",\"isPartOf\":{\"@id\":\"https:\\\/\\\/saryeebelting.com\\\/#website\"},\"primaryImageOfPage\":{\"@id\":\"https:\\\/\\\/saryeebelting.com\\\/about-us\\\/#primaryimage\"},\"image\":{\"@id\":\"https:\\\/\\\/saryeebelting.com\\\/about-us\\\/#primaryimage\"},\"thumbnailUrl\":\"https:\\\/\\\/saryeebelting.com\\\/wp-content\\\/uploads\\\/2024\\\/01\\\/About-Saryee-Belting-1.jpg\",\"datePublished\":\"2022-07-14T08:17:11+00:00\",\"dateModified\":\"2024-04-25T07:09:05+00:00\",\"description\":\"Saryee Belting is a global market leader in the design, manufacture and service of high quality, high performance process and conveyor belts\",\"breadcrumb\":{\"@id\":\"https:\\\/\\\/saryeebelting.com\\\/about-us\\\/#breadcrumb\"},\"inLanguage\":\"fr-FR\",\"potentialAction\":[{\"@type\":\"ReadAction\",\"target\":[\"https:\\\/\\\/saryeebelting.com\\\/about-us\\\/\"]}]},{\"@type\":\"ImageObject\",\"inLanguage\":\"fr-FR\",\"@id\":\"https:\\\/\\\/saryeebelting.com\\\/about-us\\\/#primaryimage\",\"url\":\"https:\\\/\\\/saryeebelting.com\\\/wp-content\\\/uploads\\\/2024\\\/01\\\/About-Saryee-Belting-1.jpg\",\"contentUrl\":\"https:\\\/\\\/saryeebelting.com\\\/wp-content\\\/uploads\\\/2024\\\/01\\\/About-Saryee-Belting-1.jpg\"},{\"@type\":\"BreadcrumbList\",\"@id\":\"https:\\\/\\\/saryeebelting.com\\\/about-us\\\/#breadcrumb\",\"itemListElement\":[{\"@type\":\"ListItem\",\"position\":1,\"name\":\"HOME\",\"item\":\"https:\\\/\\\/saryeebelting.com\\\/\"},{\"@type\":\"ListItem\",\"position\":2,\"name\":\"ABOUT US\"}]},{\"@type\":\"WebSite\",\"@id\":\"https:\\\/\\\/saryeebelting.com\\\/#website\",\"url\":\"https:\\\/\\\/saryeebelting.com\\\/\",\"name\":\"Saryee Belting | The Trusted Conveyor Belts Manufacturer\",\"description\":\"Saryee Belting, a leading stainless steel, plastic, wire mesh, spiral and PTFE conveyor belts manufacturer with over 30 years experience in the industry.\",\"publisher\":{\"@id\":\"https:\\\/\\\/saryeebelting.com\\\/#organization\"},\"alternateName\":\"Saryee Belting\",\"potentialAction\":[{\"@type\":\"SearchAction\",\"target\":{\"@type\":\"EntryPoint\",\"urlTemplate\":\"https:\\\/\\\/saryeebelting.com\\\/?s={search_term_string}\"},\"query-input\":{\"@type\":\"PropertyValueSpecification\",\"valueRequired\":true,\"valueName\":\"search_term_string\"}}],\"inLanguage\":\"fr-FR\"},{\"@type\":\"Organization\",\"@id\":\"https:\\\/\\\/saryeebelting.com\\\/#organization\",\"name\":\"Saryee Belting\",\"alternateName\":\"Saryee\",\"url\":\"https:\\\/\\\/saryeebelting.com\\\/\",\"logo\":{\"@type\":\"ImageObject\",\"inLanguage\":\"fr-FR\",\"@id\":\"https:\\\/\\\/saryeebelting.com\\\/#\\\/schema\\\/logo\\\/image\\\/\",\"url\":\"https:\\\/\\\/saryeebelting.com\\\/wp-content\\\/uploads\\\/2022\\\/07\\\/LOGO-PNG-MIN.png\",\"contentUrl\":\"https:\\\/\\\/saryeebelting.com\\\/wp-content\\\/uploads\\\/2022\\\/07\\\/LOGO-PNG-MIN.png\",\"width\":300,\"height\":219,\"caption\":\"Saryee Belting\"},\"image\":{\"@id\":\"https:\\\/\\\/saryeebelting.com\\\/#\\\/schema\\\/logo\\\/image\\\/\"},\"description\":\"Saryee Belting, A Worldwide Leader of Conveyor Belt Manufacturing and Supplier. Established in 1988, Saryee Belting is a global market leader in the design, manufacture and service of high quality conveyor belts. And, today our conveyor belts are exported to over 100 countries around the world. The engineers we employ are experts in conveyor belt design and manufacturing, and most of them have more than 10 years of experience. They love conveyor belts and are passionate about what they do best, help our customers deal with conveyor belt challenge. Saryee Belting operate multiple manufacturing sites in China. Different manufacturing bases are responsible for the production of different types of conveyor belts. With the supply chain advantages of each manufacturing base, we can improve the competitiveness of our products.\",\"email\":\"info@saryeebelting.com\",\"telephone\":\"008618830800262\",\"legalName\":\"Hebei Saryee Technology Co., Ltd\",\"foundingDate\":\"1987-04-07\",\"numberOfEmployees\":{\"@type\":\"QuantitativeValue\",\"minValue\":\"51\",\"maxValue\":\"200\"}}]}<\/script>\n<!-- \/ Yoast SEO Premium plugin. -->","yoast_head_json":{"title":"\u00c0 PROPOS DE NOUS | Saryee Belting | Fabricant de courroies transporteuses de confiance - Leader dans la fabrication et la fourniture de courroies transporteuses","description":"Saryee Belting est un leader mondial sur le march\u00e9 de la conception, de la fabrication et du service apr\u00e8s-vente de bandes transporteuses et de process de haute qualit\u00e9 et de haute performance.","robots":{"index":"index","follow":"follow","max-snippet":"max-snippet:-1","max-image-preview":"max-image-preview:large","max-video-preview":"max-video-preview:-1"},"canonical":"https:\/\/saryeebelting.com\/fr\/a-propos-de-nous\/","og_locale":"fr_FR","og_type":"article","og_title":"ABOUT US","og_description":"Saryee Belting is a global market leader in the design, manufacture and service of high quality, high performance process and conveyor belts","og_url":"https:\/\/saryeebelting.com\/fr\/a-propos-de-nous\/","og_site_name":"Saryee Belting | The Trusted Conveyor Belts Manufacturer","article_modified_time":"2024-04-25T07:09:05+00:00","og_image":[{"url":"https:\/\/saryeebelting.com\/wp-content\/uploads\/2024\/01\/About-Saryee-Belting-1.jpg","type":"","width":"","height":""}],"twitter_card":"summary_large_image","twitter_misc":{"Est. reading time":"2 minutes"},"schema":{"@context":"https:\/\/schema.org","@graph":[{"@type":"WebPage","@id":"https:\/\/saryeebelting.com\/about-us\/","url":"https:\/\/saryeebelting.com\/about-us\/","name":"\u00c0 PROPOS DE NOUS | Saryee Belting | Fabricant de courroies transporteuses de confiance - Leader dans la fabrication et la fourniture de courroies transporteuses","isPartOf":{"@id":"https:\/\/saryeebelting.com\/#website"},"primaryImageOfPage":{"@id":"https:\/\/saryeebelting.com\/about-us\/#primaryimage"},"image":{"@id":"https:\/\/saryeebelting.com\/about-us\/#primaryimage"},"thumbnailUrl":"https:\/\/saryeebelting.com\/wp-content\/uploads\/2024\/01\/About-Saryee-Belting-1.jpg","datePublished":"2022-07-14T08:17:11+00:00","dateModified":"2024-04-25T07:09:05+00:00","description":"Saryee Belting est un leader mondial sur le march\u00e9 de la conception, de la fabrication et du service apr\u00e8s-vente de bandes transporteuses et de process de haute qualit\u00e9 et de haute performance.","breadcrumb":{"@id":"https:\/\/saryeebelting.com\/about-us\/#breadcrumb"},"inLanguage":"fr-FR","potentialAction":[{"@type":"ReadAction","target":["https:\/\/saryeebelting.com\/about-us\/"]}]},{"@type":"ImageObject","inLanguage":"fr-FR","@id":"https:\/\/saryeebelting.com\/about-us\/#primaryimage","url":"https:\/\/saryeebelting.com\/wp-content\/uploads\/2024\/01\/About-Saryee-Belting-1.jpg","contentUrl":"https:\/\/saryeebelting.com\/wp-content\/uploads\/2024\/01\/About-Saryee-Belting-1.jpg"},{"@type":"BreadcrumbList","@id":"https:\/\/saryeebelting.com\/about-us\/#breadcrumb","itemListElement":[{"@type":"ListItem","position":1,"name":"HOME","item":"https:\/\/saryeebelting.com\/"},{"@type":"ListItem","position":2,"name":"ABOUT US"}]},{"@type":"WebSite","@id":"https:\/\/saryeebelting.com\/#website","url":"https:\/\/saryeebelting.com\/","name":"Saryee Belting | Fabricant de courroies transporteuses de confiance","description":"Saryee Belting, fabricant leader de bandes transporteuses en acier inoxydable, plastique, treillis m\u00e9tallique, spirales et PTFE, avec plus de 30 ans d&#039;exp\u00e9rience dans le secteur.","publisher":{"@id":"https:\/\/saryeebelting.com\/#organization"},"alternateName":"Saryee Belting","potentialAction":[{"@type":"SearchAction","target":{"@type":"EntryPoint","urlTemplate":"https:\/\/saryeebelting.com\/?s={search_term_string}"},"query-input":{"@type":"PropertyValueSpecification","valueRequired":true,"valueName":"search_term_string"}}],"inLanguage":"fr-FR"},{"@type":"Organization","@id":"https:\/\/saryeebelting.com\/#organization","name":"Ceinture Saryee","alternateName":"Saryee","url":"https:\/\/saryeebelting.com\/","logo":{"@type":"ImageObject","inLanguage":"fr-FR","@id":"https:\/\/saryeebelting.com\/#\/schema\/logo\/image\/","url":"https:\/\/saryeebelting.com\/wp-content\/uploads\/2022\/07\/LOGO-PNG-MIN.png","contentUrl":"https:\/\/saryeebelting.com\/wp-content\/uploads\/2022\/07\/LOGO-PNG-MIN.png","width":300,"height":219,"caption":"Saryee Belting"},"image":{"@id":"https:\/\/saryeebelting.com\/#\/schema\/logo\/image\/"},"description":"Saryee Belting, leader mondial de la fabrication et de la fourniture de bandes transporteuses. Fond\u00e9e en 1988, Saryee Belting est un acteur majeur du march\u00e9 international dans la conception, la fabrication et le service de bandes transporteuses de haute qualit\u00e9. Aujourd&#039;hui, nos bandes transporteuses sont export\u00e9es dans plus de 100 pays. Nos ing\u00e9nieurs sont des experts en conception et fabrication de bandes transporteuses, et la plupart d&#039;entre eux poss\u00e8dent plus de 10 ans d&#039;exp\u00e9rience. Passionn\u00e9s par leur m\u00e9tier, ils mettent tout en \u0153uvre pour aider nos clients \u00e0 relever les d\u00e9fis li\u00e9s aux bandes transporteuses. Saryee Belting exploite plusieurs sites de production en Chine. Chaque site est responsable de la fabrication des diff\u00e9rents types de bandes transporteuses. Gr\u00e2ce aux atouts de la cha\u00eene d&#039;approvisionnement de chaque site, nous optimisons la comp\u00e9titivit\u00e9 de nos produits.","email":"info@saryeebelting.com","telephone":"008618830800262","legalName":"Hebei Saryee Technology Co., Ltd","foundingDate":"1987-04-07","numberOfEmployees":{"@type":"QuantitativeValue","minValue":"51","maxValue":"200"}}]}},"_links":{"self":[{"href":"https:\/\/saryeebelting.com\/fr\/wp-json\/wp\/v2\/pages\/26","targetHints":{"allow":["GET"]}}],"collection":[{"href":"https:\/\/saryeebelting.com\/fr\/wp-json\/wp\/v2\/pages"}],"about":[{"href":"https:\/\/saryeebelting.com\/fr\/wp-json\/wp\/v2\/types\/page"}],"author":[{"embeddable":true,"href":"https:\/\/saryeebelting.com\/fr\/wp-json\/wp\/v2\/users\/1"}],"replies":[{"embeddable":true,"href":"https:\/\/saryeebelting.com\/fr\/wp-json\/wp\/v2\/comments?post=26"}],"version-history":[{"count":128,"href":"https:\/\/saryeebelting.com\/fr\/wp-json\/wp\/v2\/pages\/26\/revisions"}],"predecessor-version":[{"id":5840,"href":"https:\/\/saryeebelting.com\/fr\/wp-json\/wp\/v2\/pages\/26\/revisions\/5840"}],"wp:attachment":[{"href":"https:\/\/saryeebelting.com\/fr\/wp-json\/wp\/v2\/media?parent=26"}],"curies":[{"name":"wp","href":"https:\/\/api.w.org\/{rel}","templated":true}]}}