{"id":28,"date":"2022-07-14T00:17:11","date_gmt":"2022-07-14T08:17:11","guid":{"rendered":"http:\/\/saryeebelting.com\/?page_id=28"},"modified":"2024-03-14T01:59:20","modified_gmt":"2024-03-14T09:59:20","slug":"noticias-y-eventos","status":"publish","type":"page","link":"https:\/\/saryeebelting.com\/es\/news-events\/","title":{"rendered":"NOTICIAS Y EVENTOS"},"content":{"rendered":"<div data-elementor-type=\"wp-page\" data-elementor-id=\"28\" class=\"elementor elementor-28\" data-elementor-post-type=\"page\">\n\t\t\t\t<div class=\"elementor-element elementor-element-42e257b1 e-flex e-con-boxed e-con e-parent\" data-id=\"42e257b1\" data-element_type=\"container\" data-e-type=\"container\" data-settings=\"{&quot;background_background&quot;:&quot;classic&quot;}\">\n\t\t\t\t\t<div class=\"e-con-inner\">\n\t\t<div class=\"elementor-element elementor-element-7ecd655d e-con-full e-flex e-con e-child\" data-id=\"7ecd655d\" data-element_type=\"container\" data-e-type=\"container\">\n\t\t\t\t<div class=\"elementor-element elementor-element-bc336a7 elementor-widget elementor-widget-heading\" data-id=\"bc336a7\" data-element_type=\"widget\" data-e-type=\"widget\" data-widget_type=\"heading.default\">\n\t\t\t\t<div class=\"elementor-widget-container\">\n\t\t\t\t\t<h1 class=\"elementor-heading-title elementor-size-default\">NOTICIAS Y EVENTOS\n<\/h1>\t\t\t\t<\/div>\n\t\t\t\t<\/div>\n\t\t\t\t<\/div>\n\t\t\t\t\t<\/div>\n\t\t\t\t<\/div>\n\t\t<div class=\"elementor-element elementor-element-9b562bd e-flex e-con-boxed e-con e-parent\" data-id=\"9b562bd\" data-element_type=\"container\" data-e-type=\"container\">\n\t\t\t\t\t<div class=\"e-con-inner\">\n\t\t\t\t<div class=\"elementor-element elementor-element-7edcfb1 elementor-widget elementor-widget-breadcrumbs\" data-id=\"7edcfb1\" data-element_type=\"widget\" data-e-type=\"widget\" data-widget_type=\"breadcrumbs.default\">\n\t\t\t\t<div class=\"elementor-widget-container\">\n\t\t\t\t\t<p id=\"breadcrumbs\"><span><span><a href=\"https:\/\/saryeebelting.com\/es\/\">HOGAR<\/a><\/span><\/span><\/p>\t\t\t\t<\/div>\n\t\t\t\t<\/div>\n\t\t\t\t\t<\/div>\n\t\t\t\t<\/div>\n\t\t<div class=\"elementor-element elementor-element-8d232b9 e-flex e-con-boxed e-con e-parent\" data-id=\"8d232b9\" data-element_type=\"container\" data-e-type=\"container\">\n\t\t\t\t\t<div class=\"e-con-inner\">\n\t\t\t\t<div class=\"elementor-element elementor-element-648746e elementor-widget elementor-widget-text-editor\" data-id=\"648746e\" data-element_type=\"widget\" data-e-type=\"widget\" data-widget_type=\"text-editor.default\">\n\t\t\t\t<div class=\"elementor-widget-container\">\n\t\t\t\t\t\t\t\t\t<h2>El \u00faltimo <span style=\"color: #003266;\">Noticias y eventos<\/span><\/h2>\t\t\t\t\t\t\t\t<\/div>\n\t\t\t\t<\/div>\n\t\t\t\t<div class=\"elementor-element elementor-element-46efdcc elementor-widget elementor-widget-text-editor\" data-id=\"46efdcc\" data-element_type=\"widget\" data-e-type=\"widget\" data-widget_type=\"text-editor.default\">\n\t\t\t\t<div class=\"elementor-widget-container\">\n\t\t\t\t\t\t\t\t\t<p>Mant\u00e9ngase al d\u00eda con las \u00faltimas novedades de Saryee Belting, incluyendo actualizaciones de la empresa y novedades de productos.<\/p>\t\t\t\t\t\t\t\t<\/div>\n\t\t\t\t<\/div>\n\t\t\t\t<div class=\"elementor-element elementor-element-eec89bd elementor-grid-3 elementor-grid-tablet-2 elementor-grid-mobile-1 elementor-posts--thumbnail-top elementor-widget elementor-widget-posts\" data-id=\"eec89bd\" data-element_type=\"widget\" data-e-type=\"widget\" data-settings=\"{&quot;classic_row_gap&quot;:{&quot;unit&quot;:&quot;px&quot;,&quot;size&quot;:20,&quot;sizes&quot;:[]},&quot;pagination_type&quot;:&quot;numbers_and_prev_next&quot;,&quot;classic_columns&quot;:&quot;3&quot;,&quot;classic_columns_tablet&quot;:&quot;2&quot;,&quot;classic_columns_mobile&quot;:&quot;1&quot;,&quot;classic_row_gap_tablet&quot;:{&quot;unit&quot;:&quot;px&quot;,&quot;size&quot;:&quot;&quot;,&quot;sizes&quot;:[]},&quot;classic_row_gap_mobile&quot;:{&quot;unit&quot;:&quot;px&quot;,&quot;size&quot;:&quot;&quot;,&quot;sizes&quot;:[]}}\" data-widget_type=\"posts.classic\">\n\t\t\t\t<div class=\"elementor-widget-container\">\n\t\t\t\t\t\t\t<div class=\"elementor-posts-container elementor-posts elementor-posts--skin-classic elementor-grid\" role=\"list\">\n\t\t\t\t<article class=\"elementor-post elementor-grid-item post-5545 post type-post status-publish format-standard has-post-thumbnail hentry category-events-news\" role=\"listitem\">\n\t\t\t\t<a class=\"elementor-post__thumbnail__link\" href=\"https:\/\/saryeebelting.com\/es\/saryee-belting-showcases-innovation-at-bakery-china-2024\/\" tabindex=\"-1\" target=\"&quot;_blank&quot;\">\n\t\t\t<div class=\"elementor-post__thumbnail\"><img fetchpriority=\"high\" decoding=\"async\" width=\"1080\" height=\"343\" src=\"https:\/\/saryeebelting.com\/wp-content\/uploads\/2024\/05\/c08a53bd7438498aa15dada9bad23225.jpg\" class=\"attachment-full size-full wp-image-5832\" alt=\"La panader\u00eda n\u00famero 26 de China\" srcset=\"https:\/\/saryeebelting.com\/wp-content\/uploads\/2024\/05\/c08a53bd7438498aa15dada9bad23225.jpg 1080w, https:\/\/saryeebelting.com\/wp-content\/uploads\/2024\/05\/c08a53bd7438498aa15dada9bad23225-300x95.jpg 300w, https:\/\/saryeebelting.com\/wp-content\/uploads\/2024\/05\/c08a53bd7438498aa15dada9bad23225-1024x325.jpg 1024w, https:\/\/saryeebelting.com\/wp-content\/uploads\/2024\/05\/c08a53bd7438498aa15dada9bad23225-768x244.jpg 768w\" sizes=\"(max-width: 1080px) 100vw, 1080px\" \/><\/div>\n\t\t<\/a>\n\t\t\t\t<div class=\"elementor-post__text\">\n\t\t\t\t<h3 class=\"elementor-post__title\">\n\t\t\t<a href=\"https:\/\/saryeebelting.com\/es\/saryee-belting-showcases-innovation-at-bakery-china-2024\/\" target=\"&quot;_blank&quot;\">\n\t\t\t\tSaryee Belting presenta su innovaci\u00f3n en Bakery China 2024.\t\t\t<\/a>\n\t\t<\/h3>\n\t\t\t\t<div class=\"elementor-post__excerpt\">\n\t\t\t<p>Saryee Belting particip\u00f3 con orgullo en Bakery China 2024, que tuvo lugar en el Nuevo Centro Internacional de Exposiciones de Shangh\u00e1i a partir del 21 de mayo. <\/p>\n\t\t<\/div>\n\t\t\t\t\t<div class=\"elementor-post__read-more-wrapper\">\n\t\t\n\t\t<a class=\"elementor-post__read-more\" href=\"https:\/\/saryeebelting.com\/es\/saryee-belting-showcases-innovation-at-bakery-china-2024\/\" aria-label=\"Lea m\u00e1s sobre c\u00f3mo Saryee Belting presenta su innovaci\u00f3n en Bakery China 2024.\" tabindex=\"-1\" target=\"_blank\">\n\t\t\tLEER M\u00c1S&quot;\u00bb\t\t<\/a>\n\n\t\t\t\t\t<\/div>\n\t\t\t\t<\/div>\n\t\t\t\t<\/article>\n\t\t\t\t<article class=\"elementor-post elementor-grid-item post-5435 post type-post status-publish format-standard has-post-thumbnail hentry category-events-news\" role=\"listitem\">\n\t\t\t\t<a class=\"elementor-post__thumbnail__link\" href=\"https:\/\/saryeebelting.com\/es\/anuga-asia-2024\/\" tabindex=\"-1\" target=\"&quot;_blank&quot;\">\n\t\t\t<div class=\"elementor-post__thumbnail\"><img decoding=\"async\" width=\"500\" height=\"375\" src=\"https:\/\/saryeebelting.com\/wp-content\/uploads\/2024\/04\/TAA24-1-1.jpg\" class=\"attachment-full size-full wp-image-5439\" alt=\"Saryee Belting presentar\u00e1 soluciones innovadoras en THAIFEX \u2013 Anuga Asia 2024.\" srcset=\"https:\/\/saryeebelting.com\/wp-content\/uploads\/2024\/04\/TAA24-1-1.jpg 500w, https:\/\/saryeebelting.com\/wp-content\/uploads\/2024\/04\/TAA24-1-1-300x225.jpg 300w\" sizes=\"(max-width: 500px) 100vw, 500px\" \/><\/div>\n\t\t<\/a>\n\t\t\t\t<div class=\"elementor-post__text\">\n\t\t\t\t<h3 class=\"elementor-post__title\">\n\t\t\t<a href=\"https:\/\/saryeebelting.com\/es\/anuga-asia-2024\/\" target=\"&quot;_blank&quot;\">\n\t\t\t\tAnuga Asia 2024\t\t\t<\/a>\n\t\t<\/h3>\n\t\t\t\t<div class=\"elementor-post__excerpt\">\n\t\t\t<p>Saryee Belting, proveedor l\u00edder de soluciones de cintas transportadoras, se complace en anunciar su participaci\u00f3n en la pr\u00f3xima feria THAIFEX \u2013 Anuga Asia 2024. <\/p>\n\t\t<\/div>\n\t\t\t\t\t<div class=\"elementor-post__read-more-wrapper\">\n\t\t\n\t\t<a class=\"elementor-post__read-more\" href=\"https:\/\/saryeebelting.com\/es\/anuga-asia-2024\/\" aria-label=\"Lee m\u00e1s sobre Anuga Asia 2024.\" tabindex=\"-1\" target=\"_blank\">\n\t\t\tLEER M\u00c1S&quot;\u00bb\t\t<\/a>\n\n\t\t\t\t\t<\/div>\n\t\t\t\t<\/div>\n\t\t\t\t<\/article>\n\t\t\t\t<article class=\"elementor-post elementor-grid-item post-5302 post type-post status-publish format-standard has-post-thumbnail hentry category-events-news\" role=\"listitem\">\n\t\t\t\t<a class=\"elementor-post__thumbnail__link\" href=\"https:\/\/saryeebelting.com\/es\/bakery-china\/\" tabindex=\"-1\" target=\"&quot;_blank&quot;\">\n\t\t\t<div class=\"elementor-post__thumbnail\"><img decoding=\"async\" width=\"500\" height=\"375\" src=\"https:\/\/saryeebelting.com\/wp-content\/uploads\/2024\/03\/Bakery-China-2024-1.jpg\" class=\"attachment-full size-full wp-image-5441\" alt=\"Panader\u00eda China 2024\" srcset=\"https:\/\/saryeebelting.com\/wp-content\/uploads\/2024\/03\/Bakery-China-2024-1.jpg 500w, https:\/\/saryeebelting.com\/wp-content\/uploads\/2024\/03\/Bakery-China-2024-1-300x225.jpg 300w\" sizes=\"(max-width: 500px) 100vw, 500px\" \/><\/div>\n\t\t<\/a>\n\t\t\t\t<div class=\"elementor-post__text\">\n\t\t\t\t<h3 class=\"elementor-post__title\">\n\t\t\t<a href=\"https:\/\/saryeebelting.com\/es\/bakery-china\/\" target=\"&quot;_blank&quot;\">\n\t\t\t\tPanader\u00eda China 2024\t\t\t<\/a>\n\t\t<\/h3>\n\t\t\t\t<div class=\"elementor-post__excerpt\">\n\t\t\t<p>Bakery China, organizada por la Asociaci\u00f3n China de la Industria de la Panader\u00eda y la Confiter\u00eda (CABCI) y Bakery China Exhibitions Co., Ltd. <\/p>\n\t\t<\/div>\n\t\t\t\t\t<div class=\"elementor-post__read-more-wrapper\">\n\t\t\n\t\t<a class=\"elementor-post__read-more\" href=\"https:\/\/saryeebelting.com\/es\/bakery-china\/\" aria-label=\"Lea m\u00e1s sobre Bakery China 2024\" tabindex=\"-1\" target=\"_blank\">\n\t\t\tLEER M\u00c1S&quot;\u00bb\t\t<\/a>\n\n\t\t\t\t\t<\/div>\n\t\t\t\t<\/div>\n\t\t\t\t<\/article>\n\t\t\t\t<article class=\"elementor-post elementor-grid-item post-5288 post type-post status-publish format-standard has-post-thumbnail hentry category-events-news\" role=\"listitem\">\n\t\t\t\t<a class=\"elementor-post__thumbnail__link\" href=\"https:\/\/saryeebelting.com\/es\/metal-conveyor-belts-boost-the-baking-industry\/\" tabindex=\"-1\" target=\"&quot;_blank&quot;\">\n\t\t\t<div class=\"elementor-post__thumbnail\"><img loading=\"lazy\" decoding=\"async\" width=\"500\" height=\"375\" src=\"https:\/\/saryeebelting.com\/wp-content\/uploads\/2024\/03\/metal-baking-belt-1.jpg\" class=\"attachment-full size-full wp-image-5290\" alt=\"cintas transportadoras met\u00e1licas\" srcset=\"https:\/\/saryeebelting.com\/wp-content\/uploads\/2024\/03\/metal-baking-belt-1.jpg 500w, https:\/\/saryeebelting.com\/wp-content\/uploads\/2024\/03\/metal-baking-belt-1-300x225.jpg 300w\" sizes=\"(max-width: 500px) 100vw, 500px\" \/><\/div>\n\t\t<\/a>\n\t\t\t\t<div class=\"elementor-post__text\">\n\t\t\t\t<h3 class=\"elementor-post__title\">\n\t\t\t<a href=\"https:\/\/saryeebelting.com\/es\/metal-conveyor-belts-boost-the-baking-industry\/\" target=\"&quot;_blank&quot;\">\n\t\t\t\tLas cintas transportadoras met\u00e1licas impulsan la industria panadera.\t\t\t<\/a>\n\t\t<\/h3>\n\t\t\t\t<div class=\"elementor-post__excerpt\">\n\t\t\t<p>En el coraz\u00f3n de la industria panadera, las cintas transportadoras met\u00e1licas se han convertido en una herramienta indispensable, revolucionando la forma en que operan las panader\u00edas.<\/p>\n\t\t<\/div>\n\t\t\t\t\t<div class=\"elementor-post__read-more-wrapper\">\n\t\t\n\t\t<a class=\"elementor-post__read-more\" href=\"https:\/\/saryeebelting.com\/es\/metal-conveyor-belts-boost-the-baking-industry\/\" aria-label=\"Lea m\u00e1s sobre c\u00f3mo las cintas transportadoras met\u00e1licas impulsan la industria panadera.\" tabindex=\"-1\" target=\"_blank\">\n\t\t\tLEER M\u00c1S&quot;\u00bb\t\t<\/a>\n\n\t\t\t\t\t<\/div>\n\t\t\t\t<\/div>\n\t\t\t\t<\/article>\n\t\t\t\t<\/div>\n\t\t\n\t\t\t\t\t\t<\/div>\n\t\t\t\t<\/div>\n\t\t\t\t\t<\/div>\n\t\t\t\t<\/div>\n\t\t\t\t<\/div>","protected":false},"excerpt":{"rendered":"<p>NOTICIAS Y EVENTOS \u00daltimas noticias y eventos Mant\u00e9ngase al d\u00eda con las \u00faltimas novedades de Saryee Belting, incluyendo actualizaciones de la empresa y novedades de productos.<\/p>","protected":false},"author":1,"featured_media":150,"parent":0,"menu_order":0,"comment_status":"closed","ping_status":"closed","template":"","meta":{"footnotes":""},"class_list":["post-28","page","type-page","status-publish","has-post-thumbnail","hentry"],"yoast_head":"<!-- This site is optimized with the Yoast SEO Premium plugin v22.0 (Yoast SEO v27.4) - https:\/\/yoast.com\/product\/yoast-seo-premium-wordpress\/ -->\n<title>NEWS &amp; EVENTS | Saryee Belting | The Trusted Conveyor Belts Manufacturer<\/title>\n<meta name=\"description\" content=\"Stay updated with the newest developments in Saryee Belting, including company updates and product news.\" \/>\n<meta name=\"robots\" content=\"index, follow, max-snippet:-1, max-image-preview:large, max-video-preview:-1\" \/>\n<link rel=\"canonical\" href=\"https:\/\/saryeebelting.com\/es\/noticias-y-eventos\/\" \/>\n<meta property=\"og:locale\" content=\"es_ES\" \/>\n<meta property=\"og:type\" content=\"article\" \/>\n<meta property=\"og:title\" content=\"NEWS &amp; EVENTS\" \/>\n<meta property=\"og:description\" content=\"Stay updated with the newest developments in Saryee Belting, including company updates and product news.\" \/>\n<meta property=\"og:url\" content=\"https:\/\/saryeebelting.com\/es\/noticias-y-eventos\/\" \/>\n<meta property=\"og:site_name\" content=\"Saryee Belting | The Trusted Conveyor Belts Manufacturer\" \/>\n<meta property=\"article:modified_time\" content=\"2024-03-14T09:59:20+00:00\" \/>\n<meta property=\"og:image\" content=\"https:\/\/saryeebelting.com\/wp-content\/uploads\/2022\/07\/cropped-LOGO-PNG-site.png\" \/>\n\t<meta property=\"og:image:width\" content=\"512\" \/>\n\t<meta property=\"og:image:height\" content=\"512\" \/>\n\t<meta property=\"og:image:type\" content=\"image\/png\" \/>\n<meta name=\"twitter:card\" content=\"summary_large_image\" \/>\n<meta name=\"twitter:label1\" content=\"Est. reading time\" \/>\n\t<meta name=\"twitter:data1\" content=\"1 minuto\" \/>\n<script type=\"application\/ld+json\" class=\"yoast-schema-graph\">{\"@context\":\"https:\\\/\\\/schema.org\",\"@graph\":[{\"@type\":\"WebPage\",\"@id\":\"https:\\\/\\\/saryeebelting.com\\\/news-events\\\/\",\"url\":\"https:\\\/\\\/saryeebelting.com\\\/news-events\\\/\",\"name\":\"NEWS & EVENTS | Saryee Belting | The Trusted Conveyor Belts Manufacturer\",\"isPartOf\":{\"@id\":\"https:\\\/\\\/saryeebelting.com\\\/#website\"},\"primaryImageOfPage\":{\"@id\":\"https:\\\/\\\/saryeebelting.com\\\/news-events\\\/#primaryimage\"},\"image\":{\"@id\":\"https:\\\/\\\/saryeebelting.com\\\/news-events\\\/#primaryimage\"},\"thumbnailUrl\":\"https:\\\/\\\/saryeebelting.com\\\/wp-content\\\/uploads\\\/2022\\\/07\\\/cropped-LOGO-PNG-site.png\",\"datePublished\":\"2022-07-14T08:17:11+00:00\",\"dateModified\":\"2024-03-14T09:59:20+00:00\",\"description\":\"Stay updated with the newest developments in Saryee Belting, including company updates and product news.\",\"breadcrumb\":{\"@id\":\"https:\\\/\\\/saryeebelting.com\\\/news-events\\\/#breadcrumb\"},\"inLanguage\":\"es\",\"potentialAction\":[{\"@type\":\"ReadAction\",\"target\":[\"https:\\\/\\\/saryeebelting.com\\\/news-events\\\/\"]}]},{\"@type\":\"ImageObject\",\"inLanguage\":\"es\",\"@id\":\"https:\\\/\\\/saryeebelting.com\\\/news-events\\\/#primaryimage\",\"url\":\"https:\\\/\\\/saryeebelting.com\\\/wp-content\\\/uploads\\\/2022\\\/07\\\/cropped-LOGO-PNG-site.png\",\"contentUrl\":\"https:\\\/\\\/saryeebelting.com\\\/wp-content\\\/uploads\\\/2022\\\/07\\\/cropped-LOGO-PNG-site.png\",\"width\":512,\"height\":512,\"caption\":\"Saryee Belting LOGO\"},{\"@type\":\"BreadcrumbList\",\"@id\":\"https:\\\/\\\/saryeebelting.com\\\/news-events\\\/#breadcrumb\",\"itemListElement\":[{\"@type\":\"ListItem\",\"position\":1,\"name\":\"HOME\",\"item\":\"https:\\\/\\\/saryeebelting.com\\\/\"},{\"@type\":\"ListItem\",\"position\":2,\"name\":\"NEWS &#038; EVENTS\"}]},{\"@type\":\"WebSite\",\"@id\":\"https:\\\/\\\/saryeebelting.com\\\/#website\",\"url\":\"https:\\\/\\\/saryeebelting.com\\\/\",\"name\":\"Saryee Belting | The Trusted Conveyor Belts Manufacturer\",\"description\":\"Saryee Belting, a leading stainless steel, plastic, wire mesh, spiral and PTFE conveyor belts manufacturer with over 30 years experience in the industry.\",\"publisher\":{\"@id\":\"https:\\\/\\\/saryeebelting.com\\\/#organization\"},\"alternateName\":\"Saryee Belting\",\"potentialAction\":[{\"@type\":\"SearchAction\",\"target\":{\"@type\":\"EntryPoint\",\"urlTemplate\":\"https:\\\/\\\/saryeebelting.com\\\/?s={search_term_string}\"},\"query-input\":{\"@type\":\"PropertyValueSpecification\",\"valueRequired\":true,\"valueName\":\"search_term_string\"}}],\"inLanguage\":\"es\"},{\"@type\":\"Organization\",\"@id\":\"https:\\\/\\\/saryeebelting.com\\\/#organization\",\"name\":\"Saryee Belting\",\"alternateName\":\"Saryee\",\"url\":\"https:\\\/\\\/saryeebelting.com\\\/\",\"logo\":{\"@type\":\"ImageObject\",\"inLanguage\":\"es\",\"@id\":\"https:\\\/\\\/saryeebelting.com\\\/#\\\/schema\\\/logo\\\/image\\\/\",\"url\":\"https:\\\/\\\/saryeebelting.com\\\/wp-content\\\/uploads\\\/2022\\\/07\\\/LOGO-PNG-MIN.png\",\"contentUrl\":\"https:\\\/\\\/saryeebelting.com\\\/wp-content\\\/uploads\\\/2022\\\/07\\\/LOGO-PNG-MIN.png\",\"width\":300,\"height\":219,\"caption\":\"Saryee Belting\"},\"image\":{\"@id\":\"https:\\\/\\\/saryeebelting.com\\\/#\\\/schema\\\/logo\\\/image\\\/\"},\"description\":\"Saryee Belting, A Worldwide Leader of Conveyor Belt Manufacturing and Supplier. Established in 1988, Saryee Belting is a global market leader in the design, manufacture and service of high quality conveyor belts. And, today our conveyor belts are exported to over 100 countries around the world. The engineers we employ are experts in conveyor belt design and manufacturing, and most of them have more than 10 years of experience. They love conveyor belts and are passionate about what they do best, help our customers deal with conveyor belt challenge. Saryee Belting operate multiple manufacturing sites in China. Different manufacturing bases are responsible for the production of different types of conveyor belts. With the supply chain advantages of each manufacturing base, we can improve the competitiveness of our products.\",\"email\":\"info@saryeebelting.com\",\"telephone\":\"008618830800262\",\"legalName\":\"Hebei Saryee Technology Co., Ltd\",\"foundingDate\":\"1987-04-07\",\"numberOfEmployees\":{\"@type\":\"QuantitativeValue\",\"minValue\":\"51\",\"maxValue\":\"200\"}}]}<\/script>\n<!-- \/ Yoast SEO Premium plugin. -->","yoast_head_json":{"title":"NOTICIAS Y EVENTOS | Saryee Belting | El fabricante de cintas transportadoras de confianza","description":"Mant\u00e9ngase al d\u00eda con las \u00faltimas novedades de Saryee Belting, incluyendo actualizaciones de la empresa y novedades de productos.","robots":{"index":"index","follow":"follow","max-snippet":"max-snippet:-1","max-image-preview":"max-image-preview:large","max-video-preview":"max-video-preview:-1"},"canonical":"https:\/\/saryeebelting.com\/es\/noticias-y-eventos\/","og_locale":"es_ES","og_type":"article","og_title":"NEWS & EVENTS","og_description":"Stay updated with the newest developments in Saryee Belting, including company updates and product news.","og_url":"https:\/\/saryeebelting.com\/es\/noticias-y-eventos\/","og_site_name":"Saryee Belting | The Trusted Conveyor Belts Manufacturer","article_modified_time":"2024-03-14T09:59:20+00:00","og_image":[{"width":512,"height":512,"url":"https:\/\/saryeebelting.com\/wp-content\/uploads\/2022\/07\/cropped-LOGO-PNG-site.png","type":"image\/png"}],"twitter_card":"summary_large_image","twitter_misc":{"Est. reading time":"1 minuto"},"schema":{"@context":"https:\/\/schema.org","@graph":[{"@type":"WebPage","@id":"https:\/\/saryeebelting.com\/news-events\/","url":"https:\/\/saryeebelting.com\/news-events\/","name":"NOTICIAS Y EVENTOS | Saryee Belting | El fabricante de cintas transportadoras de confianza","isPartOf":{"@id":"https:\/\/saryeebelting.com\/#website"},"primaryImageOfPage":{"@id":"https:\/\/saryeebelting.com\/news-events\/#primaryimage"},"image":{"@id":"https:\/\/saryeebelting.com\/news-events\/#primaryimage"},"thumbnailUrl":"https:\/\/saryeebelting.com\/wp-content\/uploads\/2022\/07\/cropped-LOGO-PNG-site.png","datePublished":"2022-07-14T08:17:11+00:00","dateModified":"2024-03-14T09:59:20+00:00","description":"Mant\u00e9ngase al d\u00eda con las \u00faltimas novedades de Saryee Belting, incluyendo actualizaciones de la empresa y novedades de productos.","breadcrumb":{"@id":"https:\/\/saryeebelting.com\/news-events\/#breadcrumb"},"inLanguage":"es","potentialAction":[{"@type":"ReadAction","target":["https:\/\/saryeebelting.com\/news-events\/"]}]},{"@type":"ImageObject","inLanguage":"es","@id":"https:\/\/saryeebelting.com\/news-events\/#primaryimage","url":"https:\/\/saryeebelting.com\/wp-content\/uploads\/2022\/07\/cropped-LOGO-PNG-site.png","contentUrl":"https:\/\/saryeebelting.com\/wp-content\/uploads\/2022\/07\/cropped-LOGO-PNG-site.png","width":512,"height":512,"caption":"Saryee Belting LOGO"},{"@type":"BreadcrumbList","@id":"https:\/\/saryeebelting.com\/news-events\/#breadcrumb","itemListElement":[{"@type":"ListItem","position":1,"name":"HOME","item":"https:\/\/saryeebelting.com\/"},{"@type":"ListItem","position":2,"name":"NEWS &#038; EVENTS"}]},{"@type":"WebSite","@id":"https:\/\/saryeebelting.com\/#website","url":"https:\/\/saryeebelting.com\/","name":"Saryee Belting | El fabricante de cintas transportadoras de confianza","description":"Saryee Belting, fabricante l\u00edder de cintas transportadoras de acero inoxidable, pl\u00e1stico, malla met\u00e1lica, espirales y PTFE, con m\u00e1s de 30 a\u00f1os de experiencia en el sector.","publisher":{"@id":"https:\/\/saryeebelting.com\/#organization"},"alternateName":"Saryee Belting","potentialAction":[{"@type":"SearchAction","target":{"@type":"EntryPoint","urlTemplate":"https:\/\/saryeebelting.com\/?s={search_term_string}"},"query-input":{"@type":"PropertyValueSpecification","valueRequired":true,"valueName":"search_term_string"}}],"inLanguage":"es"},{"@type":"Organization","@id":"https:\/\/saryeebelting.com\/#organization","name":"Cintur\u00f3n Saryee","alternateName":"Saryee","url":"https:\/\/saryeebelting.com\/","logo":{"@type":"ImageObject","inLanguage":"es","@id":"https:\/\/saryeebelting.com\/#\/schema\/logo\/image\/","url":"https:\/\/saryeebelting.com\/wp-content\/uploads\/2022\/07\/LOGO-PNG-MIN.png","contentUrl":"https:\/\/saryeebelting.com\/wp-content\/uploads\/2022\/07\/LOGO-PNG-MIN.png","width":300,"height":219,"caption":"Saryee Belting"},"image":{"@id":"https:\/\/saryeebelting.com\/#\/schema\/logo\/image\/"},"description":"Saryee Belting, l\u00edder mundial en la fabricaci\u00f3n y suministro de cintas transportadoras. Fundada en 1988, Saryee Belting es l\u00edder mundial en el dise\u00f1o, fabricaci\u00f3n y servicio de cintas transportadoras de alta calidad. Actualmente, nuestras cintas transportadoras se exportan a m\u00e1s de 100 pa\u00edses. Nuestros ingenieros son expertos en el dise\u00f1o y la fabricaci\u00f3n de cintas transportadoras, y la mayor\u00eda cuenta con m\u00e1s de 10 a\u00f1os de experiencia. Les apasionan las cintas transportadoras y se dedican con entusiasmo a ayudar a nuestros clientes a superar los desaf\u00edos que presentan. Saryee Belting opera m\u00faltiples plantas de fabricaci\u00f3n en China. Cada planta se encarga de la producci\u00f3n de un tipo diferente de cinta transportadora. Gracias a las ventajas de la cadena de suministro de cada planta, podemos mejorar la competitividad de nuestros productos.","email":"info@saryeebelting.com","telephone":"008618830800262","legalName":"Hebei Saryee Technology Co., Ltd","foundingDate":"1987-04-07","numberOfEmployees":{"@type":"QuantitativeValue","minValue":"51","maxValue":"200"}}]}},"_links":{"self":[{"href":"https:\/\/saryeebelting.com\/es\/wp-json\/wp\/v2\/pages\/28","targetHints":{"allow":["GET"]}}],"collection":[{"href":"https:\/\/saryeebelting.com\/es\/wp-json\/wp\/v2\/pages"}],"about":[{"href":"https:\/\/saryeebelting.com\/es\/wp-json\/wp\/v2\/types\/page"}],"author":[{"embeddable":true,"href":"https:\/\/saryeebelting.com\/es\/wp-json\/wp\/v2\/users\/1"}],"replies":[{"embeddable":true,"href":"https:\/\/saryeebelting.com\/es\/wp-json\/wp\/v2\/comments?post=28"}],"version-history":[{"count":55,"href":"https:\/\/saryeebelting.com\/es\/wp-json\/wp\/v2\/pages\/28\/revisions"}],"predecessor-version":[{"id":5014,"href":"https:\/\/saryeebelting.com\/es\/wp-json\/wp\/v2\/pages\/28\/revisions\/5014"}],"wp:featuredmedia":[{"embeddable":true,"href":"https:\/\/saryeebelting.com\/es\/wp-json\/wp\/v2\/media\/150"}],"wp:attachment":[{"href":"https:\/\/saryeebelting.com\/es\/wp-json\/wp\/v2\/media?parent=28"}],"curies":[{"name":"wp","href":"https:\/\/api.w.org\/{rel}","templated":true}]}}