{"id":26,"date":"2022-07-14T00:17:11","date_gmt":"2022-07-14T08:17:11","guid":{"rendered":"http:\/\/saryeebelting.com\/?page_id=26"},"modified":"2024-04-24T23:09:05","modified_gmt":"2024-04-25T07:09:05","slug":"sobre-nosotros","status":"publish","type":"page","link":"https:\/\/saryeebelting.com\/es\/about-us\/","title":{"rendered":"SOBRE NOSOTROS"},"content":{"rendered":"<div data-elementor-type=\"wp-page\" data-elementor-id=\"26\" class=\"elementor elementor-26\" data-elementor-post-type=\"page\">\n\t\t\t\t<div class=\"elementor-element elementor-element-4b246d9 e-flex e-con-boxed e-con e-parent\" data-id=\"4b246d9\" data-element_type=\"container\" data-e-type=\"container\" data-settings=\"{&quot;background_background&quot;:&quot;classic&quot;}\">\n\t\t\t\t\t<div class=\"e-con-inner\">\n\t\t\t\t<div class=\"elementor-element elementor-element-9fcff7b elementor-widget elementor-widget-heading\" data-id=\"9fcff7b\" data-element_type=\"widget\" data-e-type=\"widget\" data-widget_type=\"heading.default\">\n\t\t\t\t<div class=\"elementor-widget-container\">\n\t\t\t\t\t<h1 class=\"elementor-heading-title elementor-size-default\">SOBRE NOSOTROS<\/h1>\t\t\t\t<\/div>\n\t\t\t\t<\/div>\n\t\t\t\t\t<\/div>\n\t\t\t\t<\/div>\n\t\t<div class=\"elementor-element elementor-element-f8f9773 e-flex e-con-boxed e-con e-parent\" data-id=\"f8f9773\" data-element_type=\"container\" data-e-type=\"container\">\n\t\t\t\t\t<div class=\"e-con-inner\">\n\t\t\t\t<div class=\"elementor-element elementor-element-6c7e11d elementor-widget__width-inherit elementor-widget elementor-widget-breadcrumbs\" data-id=\"6c7e11d\" data-element_type=\"widget\" data-e-type=\"widget\" data-widget_type=\"breadcrumbs.default\">\n\t\t\t\t<div class=\"elementor-widget-container\">\n\t\t\t\t\t<p id=\"breadcrumbs\"><span><span><a href=\"https:\/\/saryeebelting.com\/es\/\">HOGAR<\/a><\/span><\/span><\/p>\t\t\t\t<\/div>\n\t\t\t\t<\/div>\n\t\t\t\t\t<\/div>\n\t\t\t\t<\/div>\n\t\t\t\t<section class=\"elementor-section elementor-top-section elementor-element elementor-element-8c97b37 elementor-section-boxed elementor-section-height-default elementor-section-height-default\" data-id=\"8c97b37\" data-element_type=\"section\" data-e-type=\"section\">\n\t\t\t\t\t\t<div class=\"elementor-container elementor-column-gap-default\">\n\t\t\t\t\t<div class=\"elementor-column elementor-col-100 elementor-top-column elementor-element elementor-element-a33c98a\" data-id=\"a33c98a\" data-element_type=\"column\" data-e-type=\"column\">\n\t\t\t<div class=\"elementor-widget-wrap elementor-element-populated\">\n\t\t\t\t\t\t<div class=\"elementor-element elementor-element-d291dd3 elementor-widget elementor-widget-text-editor\" data-id=\"d291dd3\" data-element_type=\"widget\" data-e-type=\"widget\" data-widget_type=\"text-editor.default\">\n\t\t\t\t<div class=\"elementor-widget-container\">\n\t\t\t\t\t\t\t\t\t<h2><span style=\"color: #000000;\">Acerca de<\/span>\u00a0<span style=\"color: #003266;\">Cintur\u00f3n de saryee<\/span><\/h2>\t\t\t\t\t\t\t\t<\/div>\n\t\t\t\t<\/div>\n\t\t\t\t<div class=\"elementor-element elementor-element-2f4ee5d elementor-widget elementor-widget-text-editor\" data-id=\"2f4ee5d\" data-element_type=\"widget\" data-e-type=\"widget\" data-widget_type=\"text-editor.default\">\n\t\t\t\t<div class=\"elementor-widget-container\">\n\t\t\t\t\t\t\t\t\t<h3>L\u00edder mundial en la fabricaci\u00f3n y suministro de cintas transportadoras.<\/h3>\t\t\t\t\t\t\t\t<\/div>\n\t\t\t\t<\/div>\n\t\t\t\t<div class=\"elementor-element elementor-element-f882ebc elementor-widget elementor-widget-image\" data-id=\"f882ebc\" data-element_type=\"widget\" data-e-type=\"widget\" data-widget_type=\"image.default\">\n\t\t\t\t<div class=\"elementor-widget-container\">\n\t\t\t\t\t\t\t\t\t\t\t\t\t\t\t<img fetchpriority=\"high\" decoding=\"async\" width=\"600\" height=\"450\" src=\"https:\/\/saryeebelting.com\/wp-content\/uploads\/2024\/01\/About-Saryee-Belting-1.jpg\" class=\"attachment-full size-full wp-image-3414\" alt=\"Acerca de Saryee Belting\" srcset=\"https:\/\/saryeebelting.com\/wp-content\/uploads\/2024\/01\/About-Saryee-Belting-1.jpg 600w, https:\/\/saryeebelting.com\/wp-content\/uploads\/2024\/01\/About-Saryee-Belting-1-300x225.jpg 300w\" sizes=\"(max-width: 600px) 100vw, 600px\" \/>\t\t\t\t\t\t\t\t\t\t\t\t\t\t\t<\/div>\n\t\t\t\t<\/div>\n\t\t\t\t<div class=\"elementor-element elementor-element-64b9cea elementor-widget elementor-widget-text-editor\" data-id=\"64b9cea\" data-element_type=\"widget\" data-e-type=\"widget\" data-widget_type=\"text-editor.default\">\n\t\t\t\t<div class=\"elementor-widget-container\">\n\t\t\t\t\t\t\t\t\t<p>Fundada en 1988, Saryee Belting es l\u00edder mundial en el dise\u00f1o, fabricaci\u00f3n y mantenimiento de cintas transportadoras de alta calidad. Actualmente, nuestras cintas transportadoras se exportan a m\u00e1s de 100 pa\u00edses en todo el mundo.<\/p>\n<p>Los ingenieros que empleamos son expertos en el dise\u00f1o y la fabricaci\u00f3n de cintas transportadoras, y la mayor\u00eda cuenta con m\u00e1s de 10 a\u00f1os de experiencia. Les apasionan las cintas transportadoras y disfrutan de su trabajo, ayudando a nuestros clientes a superar los desaf\u00edos que presentan.<\/p>\n<p>Saryee Belting opera m\u00faltiples plantas de fabricaci\u00f3n en China. Cada planta se encarga de la producci\u00f3n de un tipo diferente de cinta transportadora. Gracias a las ventajas de la cadena de suministro de cada planta, podemos mejorar la competitividad de nuestros productos.<\/p>\n<p>De cara al futuro, nuestro objetivo es ser un l\u00edder reconocido en todos los lugares donde hacemos negocios.<\/p>\t\t\t\t\t\t\t\t<\/div>\n\t\t\t\t<\/div>\n\t\t\t\t<div class=\"elementor-element elementor-element-03457a8 elementor-widget elementor-widget-text-editor\" data-id=\"03457a8\" data-element_type=\"widget\" data-e-type=\"widget\" data-widget_type=\"text-editor.default\">\n\t\t\t\t<div class=\"elementor-widget-container\">\n\t\t\t\t\t\t\t\t\t<h3>Dedicados a mejorar continuamente para alcanzar la excelencia.<\/h3>\t\t\t\t\t\t\t\t<\/div>\n\t\t\t\t<\/div>\n\t\t\t\t<div class=\"elementor-element elementor-element-a3ba267 elementor-widget elementor-widget-text-editor\" data-id=\"a3ba267\" data-element_type=\"widget\" data-e-type=\"widget\" data-widget_type=\"text-editor.default\">\n\t\t\t\t<div class=\"elementor-widget-container\">\n\t\t\t\t\t\t\t\t\t<p>Creemos que la mejora continua es esencial para ofrecer a nuestros clientes los mejores productos y servicios posibles.<\/p><p>Nuestro compromiso con la mejora continua es lo que nos diferencia de la competencia y nos permite superar constantemente las expectativas de nuestros clientes.<\/p>\t\t\t\t\t\t\t\t<\/div>\n\t\t\t\t<\/div>\n\t\t\t\t<div class=\"elementor-element elementor-element-2360a83 elementor-widget elementor-widget-text-editor\" data-id=\"2360a83\" data-element_type=\"widget\" data-e-type=\"widget\" data-widget_type=\"text-editor.default\">\n\t\t\t\t<div class=\"elementor-widget-container\">\n\t\t\t\t\t\t\t\t\t<h3>\u00bfPor qu\u00e9 elegir? <span style=\"color: #003266;\">Cintur\u00f3n Saryee<\/span> \u00bfCintas transportadoras?<\/h3>\t\t\t\t\t\t\t\t<\/div>\n\t\t\t\t<\/div>\n\t\t\t\t<div class=\"elementor-element elementor-element-c2f7913 elementor-widget elementor-widget-text-editor\" data-id=\"c2f7913\" data-element_type=\"widget\" data-e-type=\"widget\" data-widget_type=\"text-editor.default\">\n\t\t\t\t<div class=\"elementor-widget-container\">\n\t\t\t\t\t\t\t\t\t<ul><li><strong>M\u00e1s de 30 a\u00f1os de experiencia en dise\u00f1o y fabricaci\u00f3n.<\/strong> Sabemos c\u00f3mo dise\u00f1ar y fabricar la cinta transportadora adecuada para sus necesidades espec\u00edficas.<\/li><li><strong>Excelente atenci\u00f3n al cliente.<\/strong> Ofrecemos una excelente atenci\u00f3n al cliente, garantizando que reciba el mejor servicio y asistencia t\u00e9cnica posible.<\/li><li><strong>Soluciones personalizables.<\/strong> Ofrecemos cintas transportadoras personalizadas para satisfacer sus necesidades espec\u00edficas, garantizando que su negocio funcione de manera eficiente y eficaz.<\/li><li><strong>Precios competitivos.<\/strong> Ofrecemos precios competitivos en todas nuestras cintas transportadoras, garantizando que obtenga productos de alta calidad a precios asequibles.<\/li><li><strong><a href=\"https:\/\/saryeebelting.com\/es\/productos\/\">Muchos estilos y especificaciones<\/a> de cintas transportadoras.<\/strong> Suministramos cintas transportadoras para industrias como la alimentaria, textil, electr\u00f3nica, agr\u00edcola, automotriz y muchas m\u00e1s.<\/li><\/ul>\t\t\t\t\t\t\t\t<\/div>\n\t\t\t\t<\/div>\n\t\t\t\t\t<\/div>\n\t\t<\/div>\n\t\t\t\t\t<\/div>\n\t\t<\/section>\n\t\t\t\t<\/div>","protected":false},"excerpt":{"rendered":"<p>ABOUT US About\u00a0saryee belting A Worldwide\u00a0Leader of Conveyor Belt Manufacturing and Supplier Established in 1988, Saryee Belting is a global market leader in the design, manufacture and service of high quality conveyor belts. And, today our conveyor belts are exported to over 100 countries around the world. The engineers we employ are experts in conveyor [&hellip;]<\/p>\n","protected":false},"author":1,"featured_media":0,"parent":0,"menu_order":0,"comment_status":"closed","ping_status":"closed","template":"","meta":{"footnotes":""},"class_list":["post-26","page","type-page","status-publish","hentry"],"yoast_head":"<!-- This site is optimized with the Yoast SEO Premium plugin v22.0 (Yoast SEO v27.3) - https:\/\/yoast.com\/product\/yoast-seo-premium-wordpress\/ -->\n<title>ABOUT US | Saryee Belting | The Trusted Conveyor Belts Manufacturer - Leader of Conveyor Belt Manufacturing and Supplier<\/title>\n<meta name=\"description\" content=\"Saryee Belting is a global market leader in the design, manufacture and service of high quality, high performance process and conveyor belts\" \/>\n<meta name=\"robots\" content=\"index, follow, max-snippet:-1, max-image-preview:large, max-video-preview:-1\" \/>\n<link rel=\"canonical\" href=\"https:\/\/saryeebelting.com\/es\/sobre-nosotros\/\" \/>\n<meta property=\"og:locale\" content=\"es_ES\" \/>\n<meta property=\"og:type\" content=\"article\" \/>\n<meta property=\"og:title\" content=\"ABOUT US\" \/>\n<meta property=\"og:description\" content=\"Saryee Belting is a global market leader in the design, manufacture and service of high quality, high performance process and conveyor belts\" \/>\n<meta property=\"og:url\" content=\"https:\/\/saryeebelting.com\/es\/sobre-nosotros\/\" \/>\n<meta property=\"og:site_name\" content=\"Saryee Belting | The Trusted Conveyor Belts Manufacturer\" \/>\n<meta property=\"article:modified_time\" content=\"2024-04-25T07:09:05+00:00\" \/>\n<meta property=\"og:image\" content=\"https:\/\/saryeebelting.com\/wp-content\/uploads\/2024\/01\/About-Saryee-Belting-1.jpg\" \/>\n<meta name=\"twitter:card\" content=\"summary_large_image\" \/>\n<meta name=\"twitter:label1\" content=\"Est. reading time\" \/>\n\t<meta name=\"twitter:data1\" content=\"2 minutos\" \/>\n<script type=\"application\/ld+json\" class=\"yoast-schema-graph\">{\"@context\":\"https:\\\/\\\/schema.org\",\"@graph\":[{\"@type\":\"WebPage\",\"@id\":\"https:\\\/\\\/saryeebelting.com\\\/about-us\\\/\",\"url\":\"https:\\\/\\\/saryeebelting.com\\\/about-us\\\/\",\"name\":\"ABOUT US | Saryee Belting | The Trusted Conveyor Belts Manufacturer - Leader of Conveyor Belt Manufacturing and Supplier\",\"isPartOf\":{\"@id\":\"https:\\\/\\\/saryeebelting.com\\\/#website\"},\"primaryImageOfPage\":{\"@id\":\"https:\\\/\\\/saryeebelting.com\\\/about-us\\\/#primaryimage\"},\"image\":{\"@id\":\"https:\\\/\\\/saryeebelting.com\\\/about-us\\\/#primaryimage\"},\"thumbnailUrl\":\"https:\\\/\\\/saryeebelting.com\\\/wp-content\\\/uploads\\\/2024\\\/01\\\/About-Saryee-Belting-1.jpg\",\"datePublished\":\"2022-07-14T08:17:11+00:00\",\"dateModified\":\"2024-04-25T07:09:05+00:00\",\"description\":\"Saryee Belting is a global market leader in the design, manufacture and service of high quality, high performance process and conveyor belts\",\"breadcrumb\":{\"@id\":\"https:\\\/\\\/saryeebelting.com\\\/about-us\\\/#breadcrumb\"},\"inLanguage\":\"es\",\"potentialAction\":[{\"@type\":\"ReadAction\",\"target\":[\"https:\\\/\\\/saryeebelting.com\\\/about-us\\\/\"]}]},{\"@type\":\"ImageObject\",\"inLanguage\":\"es\",\"@id\":\"https:\\\/\\\/saryeebelting.com\\\/about-us\\\/#primaryimage\",\"url\":\"https:\\\/\\\/saryeebelting.com\\\/wp-content\\\/uploads\\\/2024\\\/01\\\/About-Saryee-Belting-1.jpg\",\"contentUrl\":\"https:\\\/\\\/saryeebelting.com\\\/wp-content\\\/uploads\\\/2024\\\/01\\\/About-Saryee-Belting-1.jpg\"},{\"@type\":\"BreadcrumbList\",\"@id\":\"https:\\\/\\\/saryeebelting.com\\\/about-us\\\/#breadcrumb\",\"itemListElement\":[{\"@type\":\"ListItem\",\"position\":1,\"name\":\"HOME\",\"item\":\"https:\\\/\\\/saryeebelting.com\\\/\"},{\"@type\":\"ListItem\",\"position\":2,\"name\":\"ABOUT US\"}]},{\"@type\":\"WebSite\",\"@id\":\"https:\\\/\\\/saryeebelting.com\\\/#website\",\"url\":\"https:\\\/\\\/saryeebelting.com\\\/\",\"name\":\"Saryee Belting | The Trusted Conveyor Belts Manufacturer\",\"description\":\"Saryee Belting, a leading stainless steel, plastic, wire mesh, spiral and PTFE conveyor belts manufacturer with over 30 years experience in the industry.\",\"publisher\":{\"@id\":\"https:\\\/\\\/saryeebelting.com\\\/#organization\"},\"alternateName\":\"Saryee Belting\",\"potentialAction\":[{\"@type\":\"SearchAction\",\"target\":{\"@type\":\"EntryPoint\",\"urlTemplate\":\"https:\\\/\\\/saryeebelting.com\\\/?s={search_term_string}\"},\"query-input\":{\"@type\":\"PropertyValueSpecification\",\"valueRequired\":true,\"valueName\":\"search_term_string\"}}],\"inLanguage\":\"es\"},{\"@type\":\"Organization\",\"@id\":\"https:\\\/\\\/saryeebelting.com\\\/#organization\",\"name\":\"Saryee Belting\",\"alternateName\":\"Saryee\",\"url\":\"https:\\\/\\\/saryeebelting.com\\\/\",\"logo\":{\"@type\":\"ImageObject\",\"inLanguage\":\"es\",\"@id\":\"https:\\\/\\\/saryeebelting.com\\\/#\\\/schema\\\/logo\\\/image\\\/\",\"url\":\"https:\\\/\\\/saryeebelting.com\\\/wp-content\\\/uploads\\\/2022\\\/07\\\/LOGO-PNG-MIN.png\",\"contentUrl\":\"https:\\\/\\\/saryeebelting.com\\\/wp-content\\\/uploads\\\/2022\\\/07\\\/LOGO-PNG-MIN.png\",\"width\":300,\"height\":219,\"caption\":\"Saryee Belting\"},\"image\":{\"@id\":\"https:\\\/\\\/saryeebelting.com\\\/#\\\/schema\\\/logo\\\/image\\\/\"},\"description\":\"Saryee Belting, A Worldwide Leader of Conveyor Belt Manufacturing and Supplier. Established in 1988, Saryee Belting is a global market leader in the design, manufacture and service of high quality conveyor belts. And, today our conveyor belts are exported to over 100 countries around the world. The engineers we employ are experts in conveyor belt design and manufacturing, and most of them have more than 10 years of experience. They love conveyor belts and are passionate about what they do best, help our customers deal with conveyor belt challenge. Saryee Belting operate multiple manufacturing sites in China. Different manufacturing bases are responsible for the production of different types of conveyor belts. With the supply chain advantages of each manufacturing base, we can improve the competitiveness of our products.\",\"email\":\"info@saryeebelting.com\",\"telephone\":\"008618830800262\",\"legalName\":\"Hebei Saryee Technology Co., Ltd\",\"foundingDate\":\"1987-04-07\",\"numberOfEmployees\":{\"@type\":\"QuantitativeValue\",\"minValue\":\"51\",\"maxValue\":\"200\"}}]}<\/script>\n<!-- \/ Yoast SEO Premium plugin. -->","yoast_head_json":{"title":"SOBRE NOSOTROS | Saryee Belting | El fabricante de cintas transportadoras de confianza - L\u00edder en la fabricaci\u00f3n y suministro de cintas transportadoras","description":"Saryee Belting es l\u00edder mundial en el dise\u00f1o, fabricaci\u00f3n y servicio de cintas transportadoras y de proceso de alta calidad y alto rendimiento.","robots":{"index":"index","follow":"follow","max-snippet":"max-snippet:-1","max-image-preview":"max-image-preview:large","max-video-preview":"max-video-preview:-1"},"canonical":"https:\/\/saryeebelting.com\/es\/sobre-nosotros\/","og_locale":"es_ES","og_type":"article","og_title":"ABOUT US","og_description":"Saryee Belting is a global market leader in the design, manufacture and service of high quality, high performance process and conveyor belts","og_url":"https:\/\/saryeebelting.com\/es\/sobre-nosotros\/","og_site_name":"Saryee Belting | The Trusted Conveyor Belts Manufacturer","article_modified_time":"2024-04-25T07:09:05+00:00","og_image":[{"url":"https:\/\/saryeebelting.com\/wp-content\/uploads\/2024\/01\/About-Saryee-Belting-1.jpg","type":"","width":"","height":""}],"twitter_card":"summary_large_image","twitter_misc":{"Est. reading time":"2 minutos"},"schema":{"@context":"https:\/\/schema.org","@graph":[{"@type":"WebPage","@id":"https:\/\/saryeebelting.com\/about-us\/","url":"https:\/\/saryeebelting.com\/about-us\/","name":"SOBRE NOSOTROS | Saryee Belting | El fabricante de cintas transportadoras de confianza - L\u00edder en la fabricaci\u00f3n y suministro de cintas transportadoras","isPartOf":{"@id":"https:\/\/saryeebelting.com\/#website"},"primaryImageOfPage":{"@id":"https:\/\/saryeebelting.com\/about-us\/#primaryimage"},"image":{"@id":"https:\/\/saryeebelting.com\/about-us\/#primaryimage"},"thumbnailUrl":"https:\/\/saryeebelting.com\/wp-content\/uploads\/2024\/01\/About-Saryee-Belting-1.jpg","datePublished":"2022-07-14T08:17:11+00:00","dateModified":"2024-04-25T07:09:05+00:00","description":"Saryee Belting es l\u00edder mundial en el dise\u00f1o, fabricaci\u00f3n y servicio de cintas transportadoras y de proceso de alta calidad y alto rendimiento.","breadcrumb":{"@id":"https:\/\/saryeebelting.com\/about-us\/#breadcrumb"},"inLanguage":"es","potentialAction":[{"@type":"ReadAction","target":["https:\/\/saryeebelting.com\/about-us\/"]}]},{"@type":"ImageObject","inLanguage":"es","@id":"https:\/\/saryeebelting.com\/about-us\/#primaryimage","url":"https:\/\/saryeebelting.com\/wp-content\/uploads\/2024\/01\/About-Saryee-Belting-1.jpg","contentUrl":"https:\/\/saryeebelting.com\/wp-content\/uploads\/2024\/01\/About-Saryee-Belting-1.jpg"},{"@type":"BreadcrumbList","@id":"https:\/\/saryeebelting.com\/about-us\/#breadcrumb","itemListElement":[{"@type":"ListItem","position":1,"name":"HOME","item":"https:\/\/saryeebelting.com\/"},{"@type":"ListItem","position":2,"name":"ABOUT US"}]},{"@type":"WebSite","@id":"https:\/\/saryeebelting.com\/#website","url":"https:\/\/saryeebelting.com\/","name":"Saryee Belting | El fabricante de cintas transportadoras de confianza","description":"Saryee Belting, fabricante l\u00edder de cintas transportadoras de acero inoxidable, pl\u00e1stico, malla met\u00e1lica, espirales y PTFE, con m\u00e1s de 30 a\u00f1os de experiencia en el sector.","publisher":{"@id":"https:\/\/saryeebelting.com\/#organization"},"alternateName":"Saryee Belting","potentialAction":[{"@type":"SearchAction","target":{"@type":"EntryPoint","urlTemplate":"https:\/\/saryeebelting.com\/?s={search_term_string}"},"query-input":{"@type":"PropertyValueSpecification","valueRequired":true,"valueName":"search_term_string"}}],"inLanguage":"es"},{"@type":"Organization","@id":"https:\/\/saryeebelting.com\/#organization","name":"Cintur\u00f3n Saryee","alternateName":"Saryee","url":"https:\/\/saryeebelting.com\/","logo":{"@type":"ImageObject","inLanguage":"es","@id":"https:\/\/saryeebelting.com\/#\/schema\/logo\/image\/","url":"https:\/\/saryeebelting.com\/wp-content\/uploads\/2022\/07\/LOGO-PNG-MIN.png","contentUrl":"https:\/\/saryeebelting.com\/wp-content\/uploads\/2022\/07\/LOGO-PNG-MIN.png","width":300,"height":219,"caption":"Saryee Belting"},"image":{"@id":"https:\/\/saryeebelting.com\/#\/schema\/logo\/image\/"},"description":"Saryee Belting, l\u00edder mundial en la fabricaci\u00f3n y suministro de cintas transportadoras. Fundada en 1988, Saryee Belting es l\u00edder mundial en el dise\u00f1o, fabricaci\u00f3n y servicio de cintas transportadoras de alta calidad. Actualmente, nuestras cintas transportadoras se exportan a m\u00e1s de 100 pa\u00edses. Nuestros ingenieros son expertos en el dise\u00f1o y la fabricaci\u00f3n de cintas transportadoras, y la mayor\u00eda cuenta con m\u00e1s de 10 a\u00f1os de experiencia. Les apasionan las cintas transportadoras y se dedican con entusiasmo a ayudar a nuestros clientes a superar los desaf\u00edos que presentan. Saryee Belting opera m\u00faltiples plantas de fabricaci\u00f3n en China. Cada planta se encarga de la producci\u00f3n de un tipo diferente de cinta transportadora. Gracias a las ventajas de la cadena de suministro de cada planta, podemos mejorar la competitividad de nuestros productos.","email":"info@saryeebelting.com","telephone":"008618830800262","legalName":"Hebei Saryee Technology Co., Ltd","foundingDate":"1987-04-07","numberOfEmployees":{"@type":"QuantitativeValue","minValue":"51","maxValue":"200"}}]}},"_links":{"self":[{"href":"https:\/\/saryeebelting.com\/es\/wp-json\/wp\/v2\/pages\/26","targetHints":{"allow":["GET"]}}],"collection":[{"href":"https:\/\/saryeebelting.com\/es\/wp-json\/wp\/v2\/pages"}],"about":[{"href":"https:\/\/saryeebelting.com\/es\/wp-json\/wp\/v2\/types\/page"}],"author":[{"embeddable":true,"href":"https:\/\/saryeebelting.com\/es\/wp-json\/wp\/v2\/users\/1"}],"replies":[{"embeddable":true,"href":"https:\/\/saryeebelting.com\/es\/wp-json\/wp\/v2\/comments?post=26"}],"version-history":[{"count":128,"href":"https:\/\/saryeebelting.com\/es\/wp-json\/wp\/v2\/pages\/26\/revisions"}],"predecessor-version":[{"id":5840,"href":"https:\/\/saryeebelting.com\/es\/wp-json\/wp\/v2\/pages\/26\/revisions\/5840"}],"wp:attachment":[{"href":"https:\/\/saryeebelting.com\/es\/wp-json\/wp\/v2\/media?parent=26"}],"curies":[{"name":"wp","href":"https:\/\/api.w.org\/{rel}","templated":true}]}}